{"id":10686,"date":"2014-04-30T17:35:38","date_gmt":"2014-04-30T15:35:38","guid":{"rendered":"http:\/\/www.multiusos.net\/?page_id=10686"},"modified":"2026-05-06T13:32:36","modified_gmt":"2026-05-06T11:32:36","slug":"horarios-de-actividades","status":"publish","type":"page","link":"https:\/\/www.multiusos.net\/es\/deporte-y-fitness\/horarios-de-actividades\/","title":{"rendered":"Horarios de actividades dirigidas"},"content":{"rendered":"<div style=\"overflow-x: auto; width: auto;\">\n<table class=\"table\">\n<thead>\n<tr>\n<th><\/th>\n<th>Multiusos<\/th>\n<th>Santa Isabel<\/th>\n<\/tr>\n<\/thead>\n<tbody>\n<tr>\n<td>Activ. Dirig.<\/td>\n<td><a class=\"wt-btn wt-btn-orange wt-btn-small\" href=\"https:\/\/www.ivgestiondeportiva.com\/privado\/actividades\/horario_actividades.php?idInst=4&amp;cod=W2N3EWYF\" target=\"_blank\" rel=\"noopener noreferrer\">Reservar Clase<\/a><br \/>\n<a class=\"wt-btn wt-btn-orange wt-btn-small\" href=\"http:\/\/www.ivgestiondeportiva.com\/privado\/actividades\/streaming\/listado_live.php\" target=\"_blank\" rel=\"noopener noreferrer\">Clases online \u00b7 MULTIHOME<\/a><\/td>\n<td><a class=\"wt-btn wt-btn-orange wt-btn-small\" href=\"https:\/\/www.ivgestiondeportiva.com\/privado\/actividades\/horario_actividades.php?idInst=5&amp;cod=8V54A80S\" target=\"_blank\" rel=\"noopener noreferrer\">Reservar Clase<\/a><br \/>\n<a class=\"wt-btn wt-btn-orange wt-btn-small\" href=\"http:\/\/www.ivgestiondeportiva.com\/privado\/actividades\/streaming\/listado_live.php\" target=\"_blank\" rel=\"noopener noreferrer\">Clases online \u00b7 MULTIHOME<\/a><\/td>\n<\/tr>\n<tr>\n<td>Agua<\/td>\n<td><a href=\"http:\/\/www.multiusos.net\/wp-content\/uploads\/2026\/03\/MAPA-SAR-MARZO-26.pdf\">Mapa Sar desde Marzo&#8217;26<\/a><\/td>\n<td><a href=\"http:\/\/www.multiusos.net\/wp-content\/uploads\/2026\/03\/MAPA-STA-ISABEL-marzo-26.pdf\">Mapa Santa Isabel desde Marzo&#8217;26<\/a><\/td>\n<\/tr>\n<tr>\n<td><strong>Multisan day<\/strong><\/td>\n<td colspan=\"2\"><a class=\"wt-btn wt-btn-orange wt-btn-small\" href=\"https:\/\/www.multiusos.net\/multisanday\/\" target=\"_blank\" rel=\"noopener noreferrer\"><em>Reservar en los MultiSan Day que tenemos en el mes en curso.<\/em><\/a><\/td>\n<\/tr>\n<\/tbody>\n<\/table>\n<div>\n<h2 data-path-to-node=\"2\">RESERVAS EN CLASES DIRIGIDAS PARA ABONADOS\/AS<\/h2>\n<p data-path-to-node=\"3\"><b data-path-to-node=\"3\" data-index-in-node=\"0\">Horarios de apertura de reservas:<\/b><\/p>\n<ul data-path-to-node=\"4\">\n<li>\n<p data-path-to-node=\"4,0,0\"><b data-path-to-node=\"4,0,0\" data-index-in-node=\"0\">Hasta el 15 de mayo de 2026:<\/b> Las reservas abren a las <b data-path-to-node=\"4,0,0\" data-index-in-node=\"46\">23:00 h<\/b> con dos d\u00edas de antelaci\u00f3n.<\/p>\n<\/li>\n<li>\n<p data-path-to-node=\"4,1,0\"><b data-path-to-node=\"4,1,0\" data-index-in-node=\"0\">A partir del 16 de mayo de 2026:<\/b> El horario de apertura se adelanta a las <b data-path-to-node=\"4,1,0\" data-index-in-node=\"66\">22:30 h<\/b> con dos d\u00edas de antelaci\u00f3n.<\/p>\n<\/li>\n<\/ul>\n<p data-path-to-node=\"5,0\"><em><b data-path-to-node=\"5,0\" data-index-in-node=\"0\">Ejemplo:<\/b> Para reservar en las clases de los lunes, el proceso comienza el s\u00e1bado a las 23h (o 22:30h a partir del dia 16 de mayo), para las clases del martes, el domingo a las 23h (o 22:30h a partir del dia 16 de mayo), y as\u00ed sucesivamente<\/em><\/p>\n<p data-path-to-node=\"6\"><b data-path-to-node=\"6\" data-index-in-node=\"0\">Informaci\u00f3n importante:<\/b><\/p>\n<ul data-path-to-node=\"7\">\n<li>\n<p data-path-to-node=\"7,0,0\"><b data-path-to-node=\"7,0,0\" data-index-in-node=\"0\">Acceso:<\/b> Realiza tus reservas con tu usuario y clave. Si no dispones de ellos, solic\u00edtalos en recepci\u00f3n o env\u00eda un e-mail a <b data-path-to-node=\"7,0,0\" data-index-in-node=\"123\">info@multiusos.net<\/b>.<\/p>\n<\/li>\n<li>\n<p data-path-to-node=\"7,1,0\"><b data-path-to-node=\"7,1,0\" data-index-in-node=\"0\">Anulaciones:<\/b> Podr\u00e1s anular tu reserva hasta <b data-path-to-node=\"7,1,0\" data-index-in-node=\"44\">una hora antes<\/b> del inicio de la clase.<\/p>\n<\/li>\n<li>\n<p data-path-to-node=\"7,2,0\"><b data-path-to-node=\"7,2,0\" data-index-in-node=\"0\">Sanciones:<\/b> La no asistencia a una actividad reservada sin anulaci\u00f3n previa conllevar\u00e1 una sanci\u00f3n en el proceso de reservas.<\/p>\n<\/li>\n<li>\n<p data-path-to-node=\"7,3,0\"><b data-path-to-node=\"7,3,0\" data-index-in-node=\"0\">Cambios:<\/b> Consulta posibles modificaciones en el apartado <b data-path-to-node=\"7,3,0\" data-index-in-node=\"57\">\u00ab\u00daltima hora\u00bb<\/b> (columna de la derecha).<\/p>\n<\/li>\n<\/ul>\n<\/div>\n<h2 style=\"margin-bottom: 20px; margin-top: 30px;\">Horarios Pilates MAT Multiusos<\/h2>\n<div class=\"table-responsive\">\n<table class=\"table\">\n<thead>\n<tr>\n<th>Lunes<\/th>\n<th>Martes<\/th>\n<th>Mi\u00e9rcoles<\/th>\n<th>Jueves<\/th>\n<th>Viernes<\/th>\n<\/tr>\n<\/thead>\n<tbody>\n<tr>\n<td>10:00 h<\/td>\n<td>09:00 h<\/td>\n<td>10:00 h<\/td>\n<td>09:00 h<\/td>\n<td><\/td>\n<\/tr>\n<tr>\n<td><\/td>\n<td>10:00 h<\/td>\n<td><\/td>\n<td>10:00 h<\/td>\n<td>10:00 h<\/td>\n<\/tr>\n<tr>\n<td>18:00 h<\/td>\n<td>11:00 h<\/td>\n<td>18:00 h<\/td>\n<td>11:00 h<\/td>\n<td><\/td>\n<\/tr>\n<tr>\n<td>19:00 h<\/td>\n<td>19:00 h<\/td>\n<td>19:00 h<\/td>\n<td>19:00 h<\/td>\n<td><\/td>\n<\/tr>\n<tr>\n<td>20:00 h<\/td>\n<td><\/td>\n<td>20:00 h<\/td>\n<td><\/td>\n<td><\/td>\n<\/tr>\n<\/tbody>\n<\/table>\n<\/div>\n<p><strong>Plazas:<\/strong> Consulte disponibilidad<\/p>\n<h2 style=\"margin-bottom: 20px; margin-top: 30px;\">Horarios Pilates MAT CD Santa Isabel<\/h2>\n<div class=\"table-responsive\">\n<table class=\"table\">\n<thead>\n<tr>\n<th>Lunes<\/th>\n<th>Martes<\/th>\n<th>Mi\u00e9rcoles<\/th>\n<th>Jueves<\/th>\n<th><\/th>\n<\/tr>\n<\/thead>\n<tbody>\n<tr>\n<td><\/td>\n<td>08:15 h<\/td>\n<td><\/td>\n<td>08:15 h<\/td>\n<td><\/td>\n<\/tr>\n<tr>\n<td>11:00 h<\/td>\n<td>10:00 h<\/td>\n<td>11:00 h<\/td>\n<td>10:00 h<\/td>\n<td><\/td>\n<\/tr>\n<tr>\n<td>19:00 h<\/td>\n<td>11:00 h<\/td>\n<td>19:00 h<\/td>\n<td>11:00 h<\/td>\n<td><\/td>\n<\/tr>\n<\/tbody>\n<\/table>\n<\/div>\n<p><strong>Plazas:<\/strong> Consulte disponibilidad<\/p>\n<h2 style=\"margin-bottom: 20px; margin-top: 30px;\">Horarios Pilates Reformer Multiusos<\/h2>\n<div class=\"table-responsive\">\n<table class=\"table\">\n<thead>\n<tr>\n<th>Lunes<\/th>\n<th>Martes<\/th>\n<th>Mi\u00e9rcoles<\/th>\n<th>Jueves<\/th>\n<th><\/th>\n<\/tr>\n<\/thead>\n<tbody>\n<tr>\n<td>09:10 h<\/td>\n<td>09:10 h<\/td>\n<td>09:10 h<\/td>\n<td>09:10 h<\/td>\n<\/tr>\n<tr>\n<td>10:00 h<\/td>\n<td>10:00 h<\/td>\n<td>10:00 h<\/td>\n<td>10:00 h<\/td>\n<\/tr>\n<tr>\n<td>10:50 h<\/td>\n<td>10:50 h<\/td>\n<td>10:50 h<\/td>\n<td>10:50 h<\/td>\n<\/tr>\n<tr>\n<td>17:10 h<\/td>\n<td>16:00 h<\/td>\n<td>17:10 h<\/td>\n<td>16:00 h<\/td>\n<\/tr>\n<tr>\n<td>18:00 h<\/td>\n<td>16:50 h<\/td>\n<td>18:00 h<\/td>\n<td>16:40 h<\/td>\n<\/tr>\n<tr>\n<td>18:50 h<\/td>\n<td>17:40 h<\/td>\n<td>18:50 h<\/td>\n<td>17:40 h<\/td>\n<\/tr>\n<tr>\n<td>19:40 h<\/td>\n<td>18:30 h<\/td>\n<td>19:40 h<\/td>\n<td>18:30 h<\/td>\n<\/tr>\n<tr>\n<td>20:30 h<\/td>\n<td>19:15 h<\/td>\n<td>20:30 h<\/td>\n<td>19:15 h<\/td>\n<\/tr>\n<tr>\n<td><\/td>\n<td>20:00 h<\/td>\n<td><\/td>\n<td>20:00 h<\/td>\n<\/tr>\n<\/tbody>\n<\/table>\n<p><strong>Plazas:<\/strong> Consulte disponibilidad<\/p>\n<div class=\"table-responsive\"><\/div>\n<h2 style=\"margin-bottom: 20px; margin-top: 30px;\">Horarios TRX Multiusos<\/h2>\n<div class=\"table-responsive\">\n<table class=\"table\" style=\"height: 138px;\" width=\"696\">\n<thead>\n<tr>\n<th>D\u00eda<\/th>\n<th>Hora<\/th>\n<th>Plazas<\/th>\n<\/tr>\n<\/thead>\n<tbody>\n<tr>\n<td><strong>Martes y Jueves<\/strong><\/td>\n<td>19:15 &#8211; 20:00 h<\/td>\n<td><!--StartFragment-->Consulte disponibilidad<!--EndFragment--><\/td>\n<\/tr>\n<tr>\n<td><strong>Martes y Jueves<\/strong><\/td>\n<td>20:50 &#8211; 21:30 h<\/td>\n<td><!--StartFragment-->Consulte disponibilidad<!--EndFragment--><\/td>\n<\/tr>\n<\/tbody>\n<\/table>\n<p>&nbsp;<\/p>\n<\/div>\n<h2 style=\"margin-bottom: 20px; margin-top: 30px;\">Multi-Kids \u00b7 actividades dirigidas para ni\u00f1xs (de 6 a 14 a\u00f1os)<\/h2>\n<div class=\"table-responsive\">\n<table class=\"table\" style=\"height: 138px;\" width=\"732\">\n<thead>\n<tr>\n<th><\/th>\n<th>Lunes<\/th>\n<th>Martes<\/th>\n<th>Mi\u00e9rcoles<\/th>\n<th>Jueves<\/th>\n<\/tr>\n<\/thead>\n<tbody>\n<tr>\n<td>18:00 h<\/td>\n<td><\/td>\n<td>KARATE<\/td>\n<td>KICK BOXING<\/td>\n<td>KARATE<\/td>\n<\/tr>\n<tr>\n<td>19:00 h<\/td>\n<td><\/td>\n<td>KICK BOXING<\/td>\n<td><\/td>\n<td><\/td>\n<\/tr>\n<\/tbody>\n<\/table>\n<p><strong>Prazas:<\/strong> Consulte disponibilidad<\/p>\n<\/div>\n<\/div>\n<\/div>\n","protected":false},"excerpt":{"rendered":"<p>Multiusos Santa Isabel Activ. Dirig. Reservar Clase Clases online \u00b7 MULTIHOME Reservar Clase Clases online \u00b7 MULTIHOME Agua Mapa Sar desde Marzo&#8217;26 Mapa Santa Isabel desde Marzo&#8217;26 Multisan day Reservar en los MultiSan Day que tenemos en el mes en curso. RESERVAS EN CLASES DIRIGIDAS PARA ABONADOS\/AS Horarios de apertura de reservas: Hasta el 15&#8230;<\/p>\n","protected":false},"author":1,"featured_media":0,"parent":9889,"menu_order":0,"comment_status":"closed","ping_status":"closed","template":"","meta":[],"aioseo_notices":[],"_links":{"self":[{"href":"https:\/\/www.multiusos.net\/es\/wp-json\/wp\/v2\/pages\/10686"}],"collection":[{"href":"https:\/\/www.multiusos.net\/es\/wp-json\/wp\/v2\/pages"}],"about":[{"href":"https:\/\/www.multiusos.net\/es\/wp-json\/wp\/v2\/types\/page"}],"author":[{"embeddable":true,"href":"https:\/\/www.multiusos.net\/es\/wp-json\/wp\/v2\/users\/1"}],"replies":[{"embeddable":true,"href":"https:\/\/www.multiusos.net\/es\/wp-json\/wp\/v2\/comments?post=10686"}],"version-history":[{"count":1036,"href":"https:\/\/www.multiusos.net\/es\/wp-json\/wp\/v2\/pages\/10686\/revisions"}],"predecessor-version":[{"id":50560,"href":"https:\/\/www.multiusos.net\/es\/wp-json\/wp\/v2\/pages\/10686\/revisions\/50560"}],"up":[{"embeddable":true,"href":"https:\/\/www.multiusos.net\/es\/wp-json\/wp\/v2\/pages\/9889"}],"wp:attachment":[{"href":"https:\/\/www.multiusos.net\/es\/wp-json\/wp\/v2\/media?parent=10686"}],"curies":[{"name":"wp","href":"https:\/\/api.w.org\/{rel}","templated":true}]}}