{"id":9780,"date":"2014-02-27T14:06:54","date_gmt":"2014-02-27T13:06:54","guid":{"rendered":"http:\/\/www.multiusos.net\/politica-de-cookies-2\/"},"modified":"2021-05-31T19:15:52","modified_gmt":"2021-05-31T17:15:52","slug":"politica-de-cookies","status":"publish","type":"page","link":"https:\/\/www.multiusos.net\/es\/politica-de-cookies\/","title":{"rendered":"Pol\u00edtica de Cookies"},"content":{"rendered":"<p><strong>XADE <\/strong>le informa que este Sitio Web utiliza cookies propias y de terceros que ayudan a optimizar su visita. Si contin\u00faa navegando por este Sitio Web, consideramos que acepta su uso.<\/p>\n<p>Una cookie (o galleta inform\u00e1tica) es una peque\u00f1a informaci\u00f3n enviada por un sitio web y almacenada en el navegador del usuario, de manera que el sitio web puede consultar la actividad previa del usuario, por ejemplo el lugar desde el que accede, el tiempo de conexi\u00f3n, el sistema operativo y navegador utilizados, las p\u00e1ginas m\u00e1s visitadas, el n\u00famero de clicks realizados, datos respecto al comportamiento del usuario en Internet o llevar el control de usuarios (cuando un usuario introduce su nombre de usuario y contrase\u00f1a, se almacena una cookie para que no tenga que estar introduci\u00e9ndolas para cada p\u00e1gina del servidor).<\/p>\n<p><strong>Xade <\/strong>tiene la obligaci\u00f3n por el Real Decreto-Ley 13\/2012 que modifica la Ley 34\/2002, de 11 de julio, de servicios de la sociedad de la informaci\u00f3n y del comercio electr\u00f3nico, de informar y obtener el consentimiento del Usuario\/a acerca del uso de las cookies de este Sitio Web.<\/p>\n<h2><strong>TIPOS DE COOKIES.<\/strong><\/h2>\n<ol>\n<li>Seg\u00fan quien sea la entidad que gestione el dominio desde donde se env\u00edan las cookies y trate los datos que se obtengan se poden distinguir dos tipos:<\/li>\n<li><strong>Cookies propias:<\/strong>Son aquellas que se env\u00edan a tu equipo desde nuestros propios equipos o dominios y desde el que prestamos el servicio que nos solicitas.<\/li>\n<li><strong>Cookies de terceros:<\/strong>Son aquellas que se env\u00edan a tu equipo desde un equipo o dominio que no es gestionado por nosotros, sino por otra entidad colaboradora. Como por ejemplo, las usadas por redes sociales, o por contenido externo como Google Maps.<\/li>\n<li>Existe tambi\u00e9n una segunda clasificaci\u00f3n seg\u00fan el plazo de tiempo que permanecen almacenadas en el navegador del Usuario\/a:<\/li>\n<li><strong>Cookies de sesi\u00f3n:<\/strong>Son cookies temporales que permanecen en el archivo de cookies de tu navegador hasta que abandonas la p\u00e1gina web, por lo que ninguna queda registrada en el disco duro de tu ordenador. La informaci\u00f3n obtenida por medio de estas cookies, sirven para analizar pautas de tr\u00e1fico en la web. A la larga, esto nos permite proporcionar una mejor experiencia para mejorar el contenido y facilitar su uso.<\/li>\n<li><strong>Cookies persistentes:<\/strong>Son almacenadas en el disco duro y nuestra web las lee cada vez que realizas una nueva visita. Una web permanente posee una fecha de expiraci\u00f3n determinada. La cookie dejar\u00e1 de funcionar despu\u00e9s de esa fecha.<\/li>\n<li>Por \u00faltimo, existe otra clasificaci\u00f3n con cinco tipos de cookies seg\u00fan la finalidad para a que se traten los datos obtenidos:<\/li>\n<li><strong>Cookies t\u00e9cnicas:<\/strong>Son aquellas necesarias para la navegaci\u00f3n y el buen funcionamiento de nuestra p\u00e1gina web. Permiten por ejemplo, controlar el tr\u00e1fico y la comunicaci\u00f3n de datos, acceder a partes de acceso restringido, utilizar elementos de seguridad, almacenar contenidos para poder difundir v\u00eddeos o compartir contenidos a trav\u00e9s de redes sociales.<\/li>\n<li><strong>Cookies de personalizaci\u00f3n:<\/strong>Son aqu\u00e9llas que te permiten acceder al servicio con unas caracter\u00edsticas predefinidas en funci\u00f3n de una serie de criterios, como por ejemplo el idioma, el tipo de navegador a trav\u00e9s del cual se accede al servicio, la configuraci\u00f3n regional desde donde se accede al servicio, etc.<\/li>\n<li><strong>Cookies de an\u00e1lisis:<\/strong>Son aqu\u00e9llas que nos permiten cuantificar el n\u00famero de usuarios y as\u00ed realizar la medici\u00f3n y an\u00e1lisis estad\u00edstico de la utilizaci\u00f3n que hacen los usuarios de los servicios prestados.<\/li>\n<li><strong>Cookies publicitarias:<\/strong>Son aqu\u00e9llas que permiten la gesti\u00f3n, de la forma m\u00e1s eficaz posible, de los espacios publicitarios que se pudieran incluir en nuestra p\u00e1gina web, como limitar el n\u00famero de veces que ves un anuncio.<\/li>\n<li><strong>Cookies de publicidad comportamental:<\/strong>\u00a0Estas cookies almacenan informaci\u00f3n del comportamiento de los usuarios obtenida a trav\u00e9s de la observaci\u00f3n continuada. Gracias a ellas se pueden conocer los h\u00e1bitos de navegaci\u00f3n en internet y mostrar publicidad relacionada con el perfil de navegaci\u00f3n.<\/li>\n<\/ol>\n<p>Puedes activar o desactivar estas cookies marcando la casilla correspondiente, estando desactivadas por defecto.<\/p>\n<h3>\u00bfQu\u00e9 tipo de cookies se utilzian actualmente en nuestra p\u00e1gina web?<\/h3>\n<p>A continuaci\u00f3n, procedemos a informarte sobre todos los tipos de cookies que actualmente se utilizan en nuestra p\u00e1gina web y la finalidad de cada una de las mismas<\/p>\n<div class=\"table-responsive\">\n<table class=\"table table-striped\">\n<thead>\n<tr>\n<th class=\"destaca-lista\">Dominio<\/th>\n<th class=\"destaca-lista\">Nombre de la Cookie<\/th>\n<th class=\"destaca-lista\">Descripci\u00f3n<\/th>\n<th class=\"destaca-lista\">M\u00e1s Informaci\u00f3n<\/th>\n<\/tr>\n<\/thead>\n<tbody>\n<tr>\n<td>multiusos.net<\/td>\n<td>PHPSESSID<\/td>\n<td>Cookie utilizada por el lenguaje de programaci\u00f3n PHP para permitir que las variables de sesi\u00f3n sean guardadas en el servidor web. Esta cookie es esencial para el funcionamiento de la web.<\/td>\n<td><a href=\"http:\/\/www.multiusos.net\/aviso-legal\" target=\"_blank\" rel=\"noopener noreferrer\">Pol\u00edtica de Privacidad<\/a><\/td>\n<\/tr>\n<tr>\n<td>multiusos.net<\/td>\n<td>_icl_current_language<\/td>\n<td>Identifica el idioma en que se le debe mostrar la web al usuario<\/td>\n<td><a href=\"http:\/\/www.multiusos.net\/aviso-legal\" target=\"_blank\" rel=\"noopener noreferrer\">Pol\u00edtica de Privacidad<\/a><\/td>\n<\/tr>\n<tr>\n<td>multiusos.net<\/td>\n<td>_ga<\/td>\n<td>Google Analytics es una herramienta gratuita de an\u00e1lisis web de Google que principalmente permite que los propietarios de sitios web conozcan c\u00f3mo interact\u00faan los usuarios con su sitio web. Asimismo, habilita cookies para recopilar informaci\u00f3n de forma an\u00f3nima y elaborar informes de tendencias de sitios web sin identificar a usuarios individuales.<\/td>\n<td><a href=\"http:\/\/www.google.es\/intl\/es\/analytics\/privacyoverview.html\" target=\"_blank\" rel=\"noopener noreferrer\">Pol\u00edtica de Privacidad<\/a><\/td>\n<\/tr>\n<tr>\n<td>multiusos.net<\/td>\n<td>_gid<\/td>\n<td>Anal\u00edtica (servicio Google Analytics): Se usa para distinguir a los usuarios. Utilizamos cookies de Google Analytics embebidas en nuestro sitio web para recopilar informaci\u00f3n acerca de c\u00f3mo los visitantes navegan en nuestro sitio web. Utilizamos la informaci\u00f3n para elaborar informes y ayudar a mejorar el sitio. Las cookies recopilan informaci\u00f3n de forma an\u00f3nima, incluyendo el n\u00famero de visitantes, de donde vienen y las p\u00e1ginas que han visitado en nuestra web.<\/td>\n<td><a href=\"http:\/\/www.google.es\/intl\/es\/analytics\/privacyoverview.html\" target=\"_blank\" rel=\"noopener noreferrer\">Pol\u00edtica de Privacidad<\/a><\/td>\n<\/tr>\n<tr>\n<td>multiusos.net<\/td>\n<td>_gat<\/td>\n<td>Anal\u00edtica (servicio Google Analytics): Se usa para limitar el porcentaje de solicitudes. Utilizamos cookies de Google Analytics embebidas en nuestro sitio web para recopilar informaci\u00f3n acerca de c\u00f3mo los visitantes navegan en nuestro sitio web. Utilizamos la informaci\u00f3n para elaborar informes y ayudar a mejorar el sitio. Las cookies recopilan informaci\u00f3n de forma an\u00f3nima, incluyendo el n\u00famero de visitantes, de donde vienen y las p\u00e1ginas que han visitado en nuestra web.<\/td>\n<td><a href=\"https:\/\/twitter.com\/privacy\" target=\"_blank\" rel=\"noopener noreferrer\">Pol\u00edtica de Privacidad<\/a><\/td>\n<\/tr>\n<tr>\n<td>multiusos.net<\/td>\n<td>gp_cookies_closed<\/td>\n<td>Cookie que indica que el usuario ha cerrado la ventana de preferencias de cookies-<\/td>\n<td><a href=\"http:\/\/www.multiusos.net\/aviso-legal\" target=\"_blank\" rel=\"noopener noreferrer\">Pol\u00edtica de Privacidad<\/a><\/td>\n<\/tr>\n<tr>\n<td>multiusos.net<\/td>\n<td>gp_cookies_groups<\/td>\n<td>Cookie que recoge los grupos de cookies que el usuario acepta que instalemos.<\/td>\n<td><a href=\"http:\/\/es.about.pinterest.com\/privacy\/\" target=\"_blank\" rel=\"noopener noreferrer\">Pol\u00edtica de Privacidad<\/a><\/td>\n<\/tr>\n<tr>\n<td>youtube.com<\/td>\n<td>Pref, visitor-info-live, ysc<\/td>\n<td>Permite la visualizaci\u00f3n de videos y c\u00f3mputo de las reproduciones.<\/td>\n<td><a href=\"http:\/\/www.google.es\/intl\/es\/policies\/privacy\/\" target=\"_blank\" rel=\"noopener noreferrer\">Pol\u00edtica de Privacidad<\/a><\/td>\n<\/tr>\n<tr>\n<td>google.com<\/td>\n<td>1P_JAR<\/td>\n<td>Almacenamiento de las preferencias de usuario de google.<\/td>\n<td><a href=\"http:\/\/www.google.com\/intl\/es_ALL\/privacypolicy.html\" target=\"_blank\" rel=\"noopener noreferrer\">Pol\u00edtica de Privacidad<\/a><\/td>\n<\/tr>\n<tr>\n<td>google.com<\/td>\n<td>NID, AID, ANID, identificador de canal<\/td>\n<td>Recopila de forma an\u00f3nima los h\u00e1bitos de uso del sitio de los visitantes y las p\u00e1ginas que han visto.<\/td>\n<td><a href=\"http:\/\/www.google.com\/intl\/es_ALL\/privacypolicy.html\" target=\"_blank\" rel=\"noopener noreferrer\">Pol\u00edtica de Privacidad<\/a><\/td>\n<\/tr>\n<tr>\n<td>google.com<\/td>\n<td>CONSENT<\/td>\n<td>Publicitaria. Mejora la publicidad, suele utilizarse para orientarse al usuario.<\/td>\n<td><a href=\"http:\/\/www.google.com\/intl\/es_ALL\/privacypolicy.html\" target=\"_blank\" rel=\"noopener noreferrer\">Pol\u00edtica de Privacidad<\/a><\/td>\n<\/tr>\n<tr>\n<td>google.com<\/td>\n<td>__Secure-3PAPISID, __Secure-3PSID, __Secure-APISID, __Secure-HSID, __Secure-SSID<\/td>\n<td>Publicitaria. Estas cookies se utilizan para entregar anuncios m\u00e1s relevantes para usted y sus intereses<\/td>\n<td><a href=\"https:\/\/policies.google.com\/technologies\/ads?hl=es\">Pol\u00edtica de Privacidad<\/a><\/td>\n<\/tr>\n<tr>\n<td>doubleclick.net<\/td>\n<td>DSID, IDE<\/td>\n<td>Cookie de DoubleClick, que es utilizado por Google AdSense para grabar y producir informes sobre las acciones del usuario en el sitio web despu\u00e9s de ver o hacer clic en uno de los anunciantes de publicidad con el fin de medir la efectividad de la publicidad y la presentaci\u00f3n de los anuncios dirigidos al usuario.<\/td>\n<td><a href=\"https:\/\/policies.google.com\/technologies\/ads?hl=es\">Pol\u00edtica de Privacidad<\/a><\/td>\n<\/tr>\n<\/tbody>\n<\/table>\n<\/div>\n<p>&nbsp;<\/p>\n<p><strong>\u00bfQu\u00e9 puedes hacer con las cookies?<\/strong><\/p>\n<p>Cuando accedes por primera vez a nuestra p\u00e1gina web, se te muestra una ventana en la que te informamos que las cookies pueden ser de varios tipos:<\/p>\n<ul>\n<li>Las cookies t\u00e9cnicas son necesarias para que nuestra p\u00e1gina web pueda funcionar, no necesitan de tu autorizaci\u00f3n y son las \u00fanicas que tenemos activadas por defecto.<\/li>\n<li>El resto de cookies sirven para mejorar nuestra p\u00e1gina, para personalizarla en base a tus preferencias, o para poder mostrarte publicidad ajustada a tus b\u00fasquedas, gustos e intereses personales. Todas ellas las tenemos desactivadas por defecto, pero puedes activarlas en nuestro apartado CONFIGURACI\u00d3N DE COOKIES: toma el control y disfruta de una navegaci\u00f3n personalizada en nuestra p\u00e1gina, con un paso tan sencillo y r\u00e1pido como la marcaci\u00f3n de las casillas que t\u00fa quieras.<\/li>\n<\/ul>\n<p>Informarte tambi\u00e9n que, una vez que hayas activado cualquier tipo de cookies, tienes la posibilidad de desactivarlas en el momento que desees, con el simple paso de desmarcar la casilla correspondiente en el apartado CONFIGURACI\u00d3N DE COOKIES de nuestra p\u00e1gina web. Siempre ser\u00e1 tan sencillo para ti activar nuestras cookies propias como desactivarlas.<\/p>\n<p>Recordarte asimismo que, a trav\u00e9s de la configuraci\u00f3n de tu navegador, puedes bloquear o alertar de la presencia de cookies, si bien dicho bloqueo puede afectar al correcto funcionamiento de las distintas funcionalidades de nuestra p\u00e1gina web en el caso de las cookies t\u00e9cnicas necesarias.<\/p>\n<p>Por \u00faltimo, indicarte que, si activas cookies de terceros (empresas externas que prestan servicios para nuestra p\u00e1gina web) y posteriormente deseas desactivarlas, podr\u00e1s hacerlo de dos formas: usando las herramientas de desactivaci\u00f3n de cookies de tu navegador o a trav\u00e9s de los propios sistemas habilitados por dichos proveedores externos.<\/p>\n<p>Para que te sea mucho m\u00e1s f\u00e1cil, a continuaci\u00f3n te relacionamos una serie de enlaces a las pautas de desactivaci\u00f3n de cookies de los navegadores de uso com\u00fan:<\/p>\n<ul>\n<li><a href=\"https:\/\/support.google.com\/accounts\/answer\/61416?co=GENIE.Platform%3DDesktop&amp;hl=es\">Google Chrome<\/a>.<\/li>\n<li><a href=\"https:\/\/support.mozilla.org\/es\/kb\/Borrar%20cookies\">Mozilla Firefox<\/a>.<\/li>\n<li><a href=\"https:\/\/support.microsoft.com\/es-es\/help\/278835\/how-to-delete-cookie-files-in-internet-explorer\">Internet Explorer.<\/a><\/li>\n<li><\/li>\n<li><a href=\"https:\/\/support.apple.com\/es-es\/HT201265\">Safari para IOS (iPhone y iPad).<\/a><\/li>\n<li><a href=\"https:\/\/support.google.com\/accounts\/answer\/61416?co=GENIE.Platform%3DAndroid&amp;hl=es&amp;oco=1\">Google Chrome para Android.<\/a><\/li>\n<li><a href=\"https:\/\/support.google.com\/accounts\/answer\/61416?co=GENIE.Platform%3DiOS&amp;hl=es&amp;oco=1\">Google Chrome para Iphone y Ipad.<\/a><\/li>\n<\/ul>\n<p><strong>\u00bfC\u00f3mo gestionar la configuraci\u00f3n de las cookies?<\/strong><\/p>\n<p>Cuando el usuario accede por primera vez a nuestra p\u00e1gina web, se le muestra una ventana y se le indica que podr\u00e1 aceptar las cookies, configurar el tratamiento o rechazarlas.<\/p>\n<p>En este sentido, a continuaci\u00f3n, se le facilita un panel de configuraci\u00f3n que le permitir\u00e1 aceptar o rechazar la instalaci\u00f3n de las cookies, salvo aquellas estrictamente necesarias, sin las cuales la web no funcionar\u00eda correctamente o no permitir\u00edan prestar el servicio solicitado al usuario.<\/p>\n<p><a class=\"open-gp-cookies\" href=\"#\">Configurar cookies<\/a><\/p>\n","protected":false},"excerpt":{"rendered":"<p>XADE le informa que este Sitio Web utiliza cookies propias y de terceros que ayudan a optimizar su visita. Si contin\u00faa navegando por este Sitio Web, consideramos que acepta su uso. Una cookie (o galleta inform\u00e1tica) es una peque\u00f1a informaci\u00f3n enviada por un sitio web y almacenada en el navegador del usuario, de manera que&#8230;<\/p>\n","protected":false},"author":1,"featured_media":0,"parent":0,"menu_order":0,"comment_status":"closed","ping_status":"closed","template":"","meta":[],"aioseo_notices":[],"_links":{"self":[{"href":"https:\/\/www.multiusos.net\/es\/wp-json\/wp\/v2\/pages\/9780"}],"collection":[{"href":"https:\/\/www.multiusos.net\/es\/wp-json\/wp\/v2\/pages"}],"about":[{"href":"https:\/\/www.multiusos.net\/es\/wp-json\/wp\/v2\/types\/page"}],"author":[{"embeddable":true,"href":"https:\/\/www.multiusos.net\/es\/wp-json\/wp\/v2\/users\/1"}],"replies":[{"embeddable":true,"href":"https:\/\/www.multiusos.net\/es\/wp-json\/wp\/v2\/comments?post=9780"}],"version-history":[{"count":6,"href":"https:\/\/www.multiusos.net\/es\/wp-json\/wp\/v2\/pages\/9780\/revisions"}],"predecessor-version":[{"id":37853,"href":"https:\/\/www.multiusos.net\/es\/wp-json\/wp\/v2\/pages\/9780\/revisions\/37853"}],"wp:attachment":[{"href":"https:\/\/www.multiusos.net\/es\/wp-json\/wp\/v2\/media?parent=9780"}],"curies":[{"name":"wp","href":"https:\/\/api.w.org\/{rel}","templated":true}]}}