{"id":9886,"date":"2013-12-16T10:17:21","date_gmt":"2013-12-16T09:17:21","guid":{"rendered":"http:\/\/www.multiusos.net\/aviso-legal-2\/"},"modified":"2023-12-12T15:23:23","modified_gmt":"2023-12-12T14:23:23","slug":"aviso-legal","status":"publish","type":"page","link":"https:\/\/www.multiusos.net\/es\/aviso-legal\/","title":{"rendered":"Aviso legal"},"content":{"rendered":"<p><strong>1. Datos t\u00e9cnicos de la empresa y de contacto <\/strong><\/p>\n<ul>\n<li><strong>Informaci\u00f3n sobre el titular del sitio web: <\/strong><\/li>\n<li><strong>Raz\u00f3n social<\/strong>: Xesti\u00f3n de Actividades Deportivas e Espect\u00e1culos, SL) XADE<\/li>\n<li><strong>CIF\/NIF: <\/strong>B-15.792.864<\/li>\n<li><strong>Domicilio social: <\/strong>R\u00faa Diego Bernal, s\/n, Santiago de Compostela<\/li>\n<li><strong>Tel\u00e9fono: <\/strong>981 565 551<\/li>\n<li><strong>E-mail: <\/strong><a href=\"mailto:multiusos@multiusos.net\"><strong>multiusos@multiusos.net<\/strong><\/a><\/li>\n<li><strong>Registro Mercantil de A Coru\u00f1a: <\/strong>Tomo 2.493, Folio 203, Folla C-27138<\/li>\n<\/ul>\n<p><strong>2. Derechos de Propiedad Intelectual <\/strong>\u2028Todos los contenidos del sitio web, incluyendo, sin car\u00e1cter limitativo, bases de datos, im\u00e1genes y fotograf\u00edas, dibujos, gr\u00e1ficos y archivos de texto, son propiedad de XADE, en adelante \u201cel Titular\u201d o de los proveedores de contenidos, habiendo sido, en este \u00faltimo caso, objeto de licencia o cesi\u00f3n por parte de los mismos, y est\u00e1n protegidos por las normas nacionales o internacionales de propiedad intelectual. La recopilaci\u00f3n, dise\u00f1o, ordenaci\u00f3n y montaje de todo el contenido del sitio web es propiedad exclusiva del Titular y se encuentra protegida por las normas nacionales e internacionales de propiedad industrial e intelectual.<\/p>\n<p>Las marcas, r\u00f3tulos, signos distintivos o logos del sitio web son titularidad del Titular y est\u00e1n debidamente registrados.<\/p>\n<p>Los textos, datos y dibujos gr\u00e1ficos son propiedad del Titular o de las entidades proveedoras de informaci\u00f3n, no pudiendo ser objeto de ulterior modificaci\u00f3n, copia, transformaci\u00f3n, alteraci\u00f3n, reproducci\u00f3n, adaptaci\u00f3n o traducci\u00f3n por parte de terceros, sin la expresa autorizaci\u00f3n por parte del titular de dicho contenido. La puesta a disposici\u00f3n de los textos, datos y dibujos gr\u00e1ficos no implica, en ning\u00fan caso, la cesi\u00f3n de su titularidad o la concesi\u00f3n de un derecho de explotaci\u00f3n, reproducci\u00f3n, difusi\u00f3n, transformaci\u00f3n, distribuci\u00f3n, o transmisi\u00f3n a su favor, distinto del derecho de uso que comporta la utilizaci\u00f3n leg\u00edtima del sitio web.<\/p>\n<p><strong>3. Manifestaciones <\/strong><\/p>\n<p>El Titular manifiesta que este sitio web dispone de la tecnolog\u00eda adecuada para permitir el acceso y utilizaci\u00f3n del mismo. No obstante, no se responsabiliza por la eventual existencia de virus u otros elementos nocivos, introducidos por cualquier medio o por cualquier tercero, que puedan producir alteraciones en sus sistemas inform\u00e1ticos.<\/p>\n<p>El sitio web podr\u00eda contener inexactitudes, omisiones relevantes, imprecisiones o erratas. El Titular no garantiza, en ning\u00fan caso, la veracidad, exactitud y actualidad de los datos contenidos en su sitio web. El usuario que accede a la web exonera al Titular de cualquier responsabilidad en relaci\u00f3n a la fiabilidad, utilidad o falsas expectativas que este sitio web pudiera producirle.<\/p>\n<p><strong>4. Limitaci\u00f3n de responsabilidad <\/strong><\/p>\n<p>El Titular no ofrece garant\u00edas de ninguna clase en cuanto al funcionamiento del sitio web o a la informaci\u00f3n contenida en el mismo. El Titular no ser\u00e1 responsable de los da\u00f1os o perjuicios, de cualquier \u00edndole, que puedan derivarse del uso del sitio web.<\/p>\n<p>El Titular excluye toda responsabilidad por la licitud, contenido y calidad de los datos e informaciones ofrecidos por terceras entidades a trav\u00e9s del sitio web.<\/p>\n<p><strong>5. Enlaces e hiperv\u00ednculos <\/strong><\/p>\n<p>Los titulares de otros sitios web que deseen crear un hiperv\u00ednculo al presente sitio web, se comprometen a no establecer enlaces a sitios web en los que no aparezca el logotipo del Titular y a no realizar manifestaciones falsas, inexactas o incorrectas, que puedan inducir a error o, en general, que sean contrarias a las leyes.<\/p>\n<p>Los titulares de otros sitios web que deseen crear un hiperv\u00ednculo a la web del Titular se comprometen, asimismo, a no establecer hiperv\u00ednculos con sitios web que contengan contenidos, manifestaciones o propaganda de \u00edndole racista, xen\u00f3foba, pornogr\u00e1fica, de apolog\u00eda del terrorismo y, en general, puedan perjudicar de cualquier modo el buen nombre o la imagen del Titular.<\/p>\n<p>La inclusi\u00f3n de hiperv\u00ednculos en la presente web, no implica necesariamente que su Titular mantenga relaciones mercantiles o v\u00ednculos asociativos con el titular del sitio web en la que se establezca el enlace.<\/p>\n<p>La presencia de hiperv\u00ednculos en la presente web tiene una finalidad meramente informativa, motivo por el cual, el Titular no se responsabiliza ni otorga garant\u00eda de ninguna naturaleza, ni expresa ni impl\u00edcita respecto a la comerciabilidad, idoneidad, calidad, caracter\u00edsticas, procedencia, comercializaci\u00f3n o cualquier otro aspecto de las informaciones y\/o productos y\/o servicios que se ofrezcan a trav\u00e9s del sitio web referenciado.<\/p>\n<p><strong>6. Informaci\u00f3n de inter\u00e9s<\/strong><\/p>\n<p>Se informa, a los efectos previstos en la Lei 7\/2017, de 2 de noviembre, por la que se incorpora al ordenamiento jur\u00eddico espa\u00f1ol la Directiva 2013\/11\/UE, del Parlamento Europeo y del Consello, de 21 de mayo de 2013, relativa a la resoluci\u00f3n alternativa de litigios en materia de consumo, que XADE no est\u00e1 adherida a una entidad de resoluci\u00f3n alternativa de litigios de consumo ni est\u00e1 obligada a participar en el procedemento con ninguna de tales entidades. En todo caso, a Xunta Arbitral de Consumo de Galicia (<a href=\"https:\/\/consumo.xunta.gal\/gl\/consumidores\/arbitraxe\">https:\/\/consumo.xunta.gal\/gl\/consumidores\/arbitraxe<\/a>), es una entidad de resoluci\u00f3n alternativa de conflitos de consumo acreditada por la UE, cuya intervenci\u00f3n es voluntaria para las partes y a la que XADE declina, en este momento, su participaci\u00f3n.<\/p>\n","protected":false},"excerpt":{"rendered":"<p>1. Datos t\u00e9cnicos de la empresa y de contacto Informaci\u00f3n sobre el titular del sitio web: Raz\u00f3n social: Xesti\u00f3n de Actividades Deportivas e Espect\u00e1culos, SL) XADE CIF\/NIF: B-15.792.864 Domicilio social: R\u00faa Diego Bernal, s\/n, Santiago de Compostela Tel\u00e9fono: 981 565 551 E-mail: multiusos@multiusos.net Registro Mercantil de A Coru\u00f1a: Tomo 2.493, Folio 203, Folla C-27138 2&#8230;.<\/p>\n","protected":false},"author":1,"featured_media":0,"parent":0,"menu_order":0,"comment_status":"closed","ping_status":"closed","template":"","meta":[],"aioseo_notices":[],"_links":{"self":[{"href":"https:\/\/www.multiusos.net\/es\/wp-json\/wp\/v2\/pages\/9886"}],"collection":[{"href":"https:\/\/www.multiusos.net\/es\/wp-json\/wp\/v2\/pages"}],"about":[{"href":"https:\/\/www.multiusos.net\/es\/wp-json\/wp\/v2\/types\/page"}],"author":[{"embeddable":true,"href":"https:\/\/www.multiusos.net\/es\/wp-json\/wp\/v2\/users\/1"}],"replies":[{"embeddable":true,"href":"https:\/\/www.multiusos.net\/es\/wp-json\/wp\/v2\/comments?post=9886"}],"version-history":[{"count":9,"href":"https:\/\/www.multiusos.net\/es\/wp-json\/wp\/v2\/pages\/9886\/revisions"}],"predecessor-version":[{"id":45985,"href":"https:\/\/www.multiusos.net\/es\/wp-json\/wp\/v2\/pages\/9886\/revisions\/45985"}],"wp:attachment":[{"href":"https:\/\/www.multiusos.net\/es\/wp-json\/wp\/v2\/media?parent=9886"}],"curies":[{"name":"wp","href":"https:\/\/api.w.org\/{rel}","templated":true}]}}