{"id":9901,"date":"2013-12-13T14:12:01","date_gmt":"2013-12-13T13:12:01","guid":{"rendered":"http:\/\/www.multiusos.net\/?page_id=9901"},"modified":"2025-06-27T10:26:46","modified_gmt":"2025-06-27T08:26:46","slug":"multiestetic","status":"publish","type":"page","link":"https:\/\/www.multiusos.net\/es\/multiestetic\/","title":{"rendered":"Multiestetic"},"content":{"rendered":"<div class=\"custom-embed-video\" data-src=\"\/\/www.youtube-nocookie.com\/embed\/7ZzXQSdpPcc\"><a href=\"https:\/\/www.youtube.com\/watch?v=7ZzXQSdpPcc\" target=\"_blank\"><img src=\"https:\/\/www.multiusos.net\/wp-content\/themes\/multiusos\/includes\/timthumb.php?src=https:\/\/img.youtube.com\/vi\/7ZzXQSdpPcc\/maxresdefault.jpg&#038;w=1280&#038;h=720\"><\/a><\/div>\n<p>&nbsp;<\/p>\n<p>En el\u00a0<strong>centro de est\u00e9tica<\/strong> ubicado en el Multiusos Fontes do Sar encontrar\u00e1s tratamientos faciales y corporales para ti, depilaci\u00f3n l\u00e1ser Triphase, rejuvenecimiento facial con Hifu, crioterapia, tratamientos con tecnolog\u00eda T3, presoterapia, sol\u00e1rium, cavitaci\u00f3n, limpieza de cutis, peeling, manicura semipermanente, cosm\u00e9tica natural y vegana, y mucho m\u00e1s.<\/p>\n<p>Aprovecha el 20% DE DESCUENTO POR SER ABONADO\/A del Multiusos Fontes do Sar o del C.D. Santa Isabel. Ofertas no acumulables.<\/p>\n<p><b>Tlfno. 981 568 163 \u2022 <\/b><a href=\"mailto:multiestetic@multiusos.net\"><b>multiestetic@multiusos.net<\/b><\/a><\/p>\n<p><strong>Horario de Apertura:\u00a0<\/strong>De lunes a jueves de 9:30 a 13h y de 16h a 21h. Viernes de 9:30 a 13h y de 16 a 20h.<\/p>\n<p><strong>Multiestetic permanecer\u00e1 CERRADO por vacaciones del 18 al 29 de agosto de 2025.<\/strong><\/p>\n<p><a style=\"color: white; padding: 16px 32px; cursor: pointer; border-radius: 10px; background-color: #04aa6d; width: 100%;\" href=\"http:\/\/www.multiusos.net\/wp-content\/uploads\/2025\/02\/Catalogo-2025.pdf\"><strong>Consulta AQU\u00cd nuestro cat\u00e1logo de servicios.\u00a0<\/strong><\/a><\/p>\n<h2>Galer\u00eda<\/h2>\n\n\t\t<style type=\"text\/css\">\n\t\t\t#gallery-1 {\n\t\t\t\tmargin: auto;\n\t\t\t}\n\t\t\t#gallery-1 .gallery-item {\n\t\t\t\tfloat: left;\n\t\t\t\tmargin-top: 10px;\n\t\t\t\ttext-align: center;\n\t\t\t\twidth: 25%;\n\t\t\t}\n\t\t\t#gallery-1 img {\n\t\t\t\tborder: 2px solid #cfcfcf;\n\t\t\t}\n\t\t\t#gallery-1 .gallery-caption {\n\t\t\t\tmargin-left: 0;\n\t\t\t}\n\t\t\t\/* see gallery_shortcode() in wp-includes\/media.php *\/\n\t\t<\/style>\n\t\t<div id='gallery-1' class='gallery galleryid-9901 gallery-columns-4 gallery-size-thumbnail'><dl class='gallery-item'>\n\t\t\t<dt class='gallery-icon landscape'>\n\t\t\t\t<a rel=\"fancy\" class=\"hover-glasses\" href='https:\/\/www.multiusos.net\/wp-content\/uploads\/2013\/12\/Multiestetic-006.jpg'><img width=\"150\" height=\"150\" src=\"https:\/\/www.multiusos.net\/wp-content\/uploads\/2013\/12\/Multiestetic-006-150x150.jpg\" class=\"attachment-thumbnail size-thumbnail\" alt=\"\" loading=\"lazy\" srcset=\"https:\/\/www.multiusos.net\/wp-content\/uploads\/2013\/12\/Multiestetic-006-150x150.jpg 150w, https:\/\/www.multiusos.net\/wp-content\/uploads\/2013\/12\/Multiestetic-006-270x270.jpg 270w, https:\/\/www.multiusos.net\/wp-content\/uploads\/2013\/12\/Multiestetic-006-207x207.jpg 207w, https:\/\/www.multiusos.net\/wp-content\/uploads\/2013\/12\/Multiestetic-006-75x75.jpg 75w\" sizes=\"(max-width: 150px) 100vw, 150px\" \/><\/a>\n\t\t\t<\/dt><\/dl><dl class='gallery-item'>\n\t\t\t<dt class='gallery-icon landscape'>\n\t\t\t\t<a rel=\"fancy\" class=\"hover-glasses\" href='https:\/\/www.multiusos.net\/wp-content\/uploads\/2013\/12\/Multiestetic-017.jpg'><img width=\"150\" height=\"150\" src=\"https:\/\/www.multiusos.net\/wp-content\/uploads\/2013\/12\/Multiestetic-017-150x150.jpg\" class=\"attachment-thumbnail size-thumbnail\" alt=\"\" loading=\"lazy\" srcset=\"https:\/\/www.multiusos.net\/wp-content\/uploads\/2013\/12\/Multiestetic-017-150x150.jpg 150w, https:\/\/www.multiusos.net\/wp-content\/uploads\/2013\/12\/Multiestetic-017-270x270.jpg 270w, https:\/\/www.multiusos.net\/wp-content\/uploads\/2013\/12\/Multiestetic-017-207x207.jpg 207w, https:\/\/www.multiusos.net\/wp-content\/uploads\/2013\/12\/Multiestetic-017-75x75.jpg 75w\" sizes=\"(max-width: 150px) 100vw, 150px\" \/><\/a>\n\t\t\t<\/dt><\/dl><dl class='gallery-item'>\n\t\t\t<dt class='gallery-icon landscape'>\n\t\t\t\t<a rel=\"fancy\" class=\"hover-glasses\" href='https:\/\/www.multiusos.net\/wp-content\/uploads\/2013\/12\/Multiestetic-029.jpg'><img width=\"150\" height=\"150\" src=\"https:\/\/www.multiusos.net\/wp-content\/uploads\/2013\/12\/Multiestetic-029-150x150.jpg\" class=\"attachment-thumbnail size-thumbnail\" alt=\"\" loading=\"lazy\" srcset=\"https:\/\/www.multiusos.net\/wp-content\/uploads\/2013\/12\/Multiestetic-029-150x150.jpg 150w, https:\/\/www.multiusos.net\/wp-content\/uploads\/2013\/12\/Multiestetic-029-270x270.jpg 270w, https:\/\/www.multiusos.net\/wp-content\/uploads\/2013\/12\/Multiestetic-029-207x207.jpg 207w, https:\/\/www.multiusos.net\/wp-content\/uploads\/2013\/12\/Multiestetic-029-75x75.jpg 75w\" sizes=\"(max-width: 150px) 100vw, 150px\" \/><\/a>\n\t\t\t<\/dt><\/dl><dl class='gallery-item'>\n\t\t\t<dt class='gallery-icon landscape'>\n\t\t\t\t<a rel=\"fancy\" class=\"hover-glasses\" href='https:\/\/www.multiusos.net\/wp-content\/uploads\/2013\/12\/Multiestetic-042.jpg'><img width=\"150\" height=\"150\" src=\"https:\/\/www.multiusos.net\/wp-content\/uploads\/2013\/12\/Multiestetic-042-150x150.jpg\" class=\"attachment-thumbnail size-thumbnail\" alt=\"\" loading=\"lazy\" srcset=\"https:\/\/www.multiusos.net\/wp-content\/uploads\/2013\/12\/Multiestetic-042-150x150.jpg 150w, https:\/\/www.multiusos.net\/wp-content\/uploads\/2013\/12\/Multiestetic-042-270x270.jpg 270w, https:\/\/www.multiusos.net\/wp-content\/uploads\/2013\/12\/Multiestetic-042-207x207.jpg 207w, https:\/\/www.multiusos.net\/wp-content\/uploads\/2013\/12\/Multiestetic-042-75x75.jpg 75w\" sizes=\"(max-width: 150px) 100vw, 150px\" \/><\/a>\n\t\t\t<\/dt><\/dl><br style=\"clear: both\" \/>\n\t\t<\/div>\n\n","protected":false},"excerpt":{"rendered":"<p>&nbsp; En el\u00a0centro de est\u00e9tica ubicado en el Multiusos Fontes do Sar encontrar\u00e1s tratamientos faciales y corporales para ti, depilaci\u00f3n l\u00e1ser Triphase, rejuvenecimiento facial con Hifu, crioterapia, tratamientos con tecnolog\u00eda T3, presoterapia, sol\u00e1rium, cavitaci\u00f3n, limpieza de cutis, peeling, manicura semipermanente, cosm\u00e9tica natural y vegana, y mucho m\u00e1s. Aprovecha el 20% DE DESCUENTO POR SER ABONADO\/A&#8230;<\/p>\n","protected":false},"author":1,"featured_media":0,"parent":0,"menu_order":0,"comment_status":"closed","ping_status":"closed","template":"page-multiestetic.php","meta":[],"aioseo_notices":[],"_links":{"self":[{"href":"https:\/\/www.multiusos.net\/es\/wp-json\/wp\/v2\/pages\/9901"}],"collection":[{"href":"https:\/\/www.multiusos.net\/es\/wp-json\/wp\/v2\/pages"}],"about":[{"href":"https:\/\/www.multiusos.net\/es\/wp-json\/wp\/v2\/types\/page"}],"author":[{"embeddable":true,"href":"https:\/\/www.multiusos.net\/es\/wp-json\/wp\/v2\/users\/1"}],"replies":[{"embeddable":true,"href":"https:\/\/www.multiusos.net\/es\/wp-json\/wp\/v2\/comments?post=9901"}],"version-history":[{"count":25,"href":"https:\/\/www.multiusos.net\/es\/wp-json\/wp\/v2\/pages\/9901\/revisions"}],"predecessor-version":[{"id":48894,"href":"https:\/\/www.multiusos.net\/es\/wp-json\/wp\/v2\/pages\/9901\/revisions\/48894"}],"wp:attachment":[{"href":"https:\/\/www.multiusos.net\/es\/wp-json\/wp\/v2\/media?parent=9901"}],"curies":[{"name":"wp","href":"https:\/\/api.w.org\/{rel}","templated":true}]}}