{"id":9911,"date":"2014-03-26T10:20:26","date_gmt":"2014-03-26T09:20:26","guid":{"rendered":"http:\/\/www.multiusos.net\/?page_id=9911"},"modified":"2025-03-04T13:01:21","modified_gmt":"2025-03-04T12:01:21","slug":"ventajas-para-abonados","status":"publish","type":"page","link":"https:\/\/www.multiusos.net\/es\/informacion\/ventajas-para-abonados\/","title":{"rendered":"Ventajas para abonados"},"content":{"rendered":"<p><strong>CONSULTA EN RECEPCI\u00d3N TU N\u00daMERO DE ABONADO, E IND\u00cdCALO EN LOS SIGUIENTES ESTABLECIMIENTOS:<\/strong><\/p>\n<p><a class=\"pull-left\" href=\"http:\/\/www.amerguin.com\/\" target=\"_blank\" rel=\"noopener\"><img class=\"wp-vantaxes-image\" src=\"http:\/\/www.multiusos.net\/wp-content\/uploads\/2013\/12\/amerguin1.png\" alt=\"\" \/><\/a><\/p>\n<h3 class=\"entry-title\"><a href=\"http:\/\/www.amerguin.com\/\" target=\"_blank\" rel=\"noopener\"><br \/>\nAMERGU\u00cdN, CENTRO DE FISIOTERAPIA Y MEDICINA DEL DEPORTE<br \/>\n<\/a><\/h3>\n<p><!-- \/entry-header --><\/p>\n<div class=\"entry-content\">Precios especiales para abonados de las instalaciones en sus servicios.<\/div>\n<p><!-- \/post-right --><br \/>\n<b><br \/>\n<a class=\"pull-left\" href=\"http:\/\/www.multiusos.net\/multiestetic\" target=\"_blank\" rel=\"noopener\"><img class=\"wp-vantaxes-image\" src=\"http:\/\/www.multiusos.net\/wp-content\/uploads\/2013\/12\/multiestetic.png\" alt=\"\" \/><\/a><\/p>\n<h3 class=\"entry-title\"><a href=\"http:\/\/www.multiusos.net\/multiestetic\" target=\"_blank\" rel=\"noopener\"><br \/>\nMULTIESTETIC, CENTRO DE EST\u00c9TICA<br \/>\n<\/a><\/h3>\n<p><!-- \/entry-header --><\/p>\n<div class=\"entry-content\">20% de descuento en productos y servicios: tratamientos faciales espec\u00edficos, limpieza de cute, presoterapia e electroestimulaci\u00f3n, aparatolox\u00eda de rejuvenecimiento, bronceado sin sol (con aer\u00f3grafo), depilaci\u00f3n a la cera, cosm\u00e9tica termal y de extracto de baba de caracol, maquillaje org\u00e1nica&#8230;.<\/div>\n<p><!-- \/post-right --><br \/>\n<b><br \/>\n<a class=\"pull-left\" href=\"http:\/\/www.mysopticos.es\/\" target=\"_blank\" rel=\"noopener\"><img class=\"wp-vantaxes-image\" src=\"http:\/\/www.multiusos.net\/wp-content\/uploads\/2013\/12\/mysoptica.jpg\" alt=\"\" \/><\/a><\/p>\n<h3 class=\"entry-title\"><a href=\"http:\/\/www.mysopticos.es\/\" target=\"_blank\" rel=\"noopener\"><br \/>\n\u00d3PTICA M&amp;S<br \/>\n<\/a><\/h3>\n<p><!-- \/entry-header --><\/p>\n<div class=\"entry-content\">El descuento aplicable a abonados del Multiusos ser\u00eda el 15% en todos los productos excepto en promociones..<\/div>\n<p><!-- \/post-right --><br \/>\n<b><br \/>\n<a class=\"pull-left\" href=\"http:\/\/www.nauticapopular.com\/\" target=\"_blank\" rel=\"noopener\"><img class=\"wp-vantaxes-image\" src=\"https:\/\/www.nauticapopular.com\/wp-content\/uploads\/2019\/02\/-3.png\" alt=\"\" \/><\/a><\/p>\n<h3 class=\"entry-title\"><a href=\"http:\/\/www.nauticapopular.com\/\" target=\"_blank\" rel=\"noopener\"><br \/>\nCURSOS N\u00c1UTICOS<br \/>\n<\/a><\/h3>\n<p><!-- \/entry-header --><\/p>\n<div class=\"entry-content\">Precios reducidos en cursos n\u00e1uticos organizados por el Multiusos Fontes do Sar y la escuela n\u00e1utica..<\/div>\n<p><!-- \/post-right --><br \/>\n<b><br \/>\n<a class=\"pull-left\" href=\"http:\/\/www.grupopromedia.es\" target=\"_blank\" rel=\"noopener\"><img class=\"wp-vantaxes-image\" src=\"http:\/\/www.multiusos.net\/wp-content\/uploads\/2013\/12\/grupo-promedia.png\" alt=\"\" \/><\/a><\/p>\n<h3 class=\"entry-title\"><a href=\"http:\/\/www.grupopromedia.es\" target=\"_blank\" rel=\"noopener\"><br \/>\nGRUPO PROMEDIA<br \/>\n<\/a><\/h3>\n<p><!-- \/entry-header --><\/p>\n<div class=\"entry-content\">20% de descuento en Grupo Promedia, empresa de referencia en dise\u00f1o web y desarrollo de aplicaciones para internet en Galicia.<\/div>\n<p><!-- \/post-right --><\/p>\n","protected":false},"excerpt":{"rendered":"<p>CONSULTA EN RECEPCI\u00d3N TU N\u00daMERO DE ABONADO, E IND\u00cdCALO EN LOS SIGUIENTES ESTABLECIMIENTOS: AMERGU\u00cdN, CENTRO DE FISIOTERAPIA Y MEDICINA DEL DEPORTE Precios especiales para abonados de las instalaciones en sus servicios. MULTIESTETIC, CENTRO DE EST\u00c9TICA 20% de descuento en productos y servicios: tratamientos faciales espec\u00edficos, limpieza de cute, presoterapia e electroestimulaci\u00f3n, aparatolox\u00eda de rejuvenecimiento, bronceado&#8230;<\/p>\n","protected":false},"author":1,"featured_media":0,"parent":10678,"menu_order":0,"comment_status":"closed","ping_status":"closed","template":"","meta":[],"aioseo_notices":[],"_links":{"self":[{"href":"https:\/\/www.multiusos.net\/es\/wp-json\/wp\/v2\/pages\/9911"}],"collection":[{"href":"https:\/\/www.multiusos.net\/es\/wp-json\/wp\/v2\/pages"}],"about":[{"href":"https:\/\/www.multiusos.net\/es\/wp-json\/wp\/v2\/types\/page"}],"author":[{"embeddable":true,"href":"https:\/\/www.multiusos.net\/es\/wp-json\/wp\/v2\/users\/1"}],"replies":[{"embeddable":true,"href":"https:\/\/www.multiusos.net\/es\/wp-json\/wp\/v2\/comments?post=9911"}],"version-history":[{"count":26,"href":"https:\/\/www.multiusos.net\/es\/wp-json\/wp\/v2\/pages\/9911\/revisions"}],"predecessor-version":[{"id":48490,"href":"https:\/\/www.multiusos.net\/es\/wp-json\/wp\/v2\/pages\/9911\/revisions\/48490"}],"up":[{"embeddable":true,"href":"https:\/\/www.multiusos.net\/es\/wp-json\/wp\/v2\/pages\/10678"}],"wp:attachment":[{"href":"https:\/\/www.multiusos.net\/es\/wp-json\/wp\/v2\/media?parent=9911"}],"curies":[{"name":"wp","href":"https:\/\/api.w.org\/{rel}","templated":true}]}}