{"id":9929,"date":"2014-03-26T10:30:50","date_gmt":"2014-03-26T09:30:50","guid":{"rendered":"http:\/\/www.multiusos.net\/?page_id=9929"},"modified":"2025-02-13T14:20:24","modified_gmt":"2025-02-13T13:20:24","slug":"normativa-cursos-de-natacion","status":"publish","type":"page","link":"https:\/\/www.multiusos.net\/es\/normativa-cursos-de-natacion\/","title":{"rendered":"Normativa cursos de nataci\u00f3n"},"content":{"rendered":"<h3>Normativa<\/h3>\n<p>Recuerde\u00a0leer con atenci\u00f3n la Normativa que rige los cursos antes de iniciar el proceso de inscripci\u00f3n a los mismos.\u00a0<a href=\"https:\/\/www.multiusos.net\/wp-content\/uploads\/2020\/01\/NORMATIVA-CURSILLO-NATACI\u00d3N-2020.pdf\" target=\"_blank\" rel=\"noopener\"><strong>Ver normativa<\/strong><\/a><\/p>\n<h3><span style=\"font-size: 16px;\">Para los cursillos destinados a los ni\u00f1os y ni\u00f1as,<\/span><span style=\"font-size: 16px;\">\u00a0<\/span><a style=\"font-size: 16px;\" href=\"http:\/\/www.multiusos.net\/wp-content\/uploads\/2025\/02\/Normativa-cursos-nenxs.pdf\">HAZ CLICK aqu\u00ed para consultar la normativa y recomendaciones.<\/a><\/h3>\n<h3>Aviso<\/h3>\n<p>La\u00a0informaci\u00f3n de los cursos es clara y precisa. Lea atentamente todos los datos del curso (d\u00eda y hora) antes de comprarlo. Una vez realizado el pago no ser\u00e1 posible sustitu\u00edr el curso por otro o proceder a la devoluci\u00f3n del curso si no est\u00e1 debidamente justificado.<\/p>\n<h3>Registro<\/h3>\n<p>Para inscribirse en cualquiera de los cursos disponibles a trav\u00e9s de esta web es imprescindible estar registrado como usuario. Los cursos se asignan al usuario que hace la inscripci\u00f3n. Si quiere inscribir a alguien diferente de usted (hijos, c\u00f3nyuge&#8230;), deber\u00e1 hacer la inscripci\u00f3n con los datos del usuario correspondiente, , o hacer uso del apartado de usuarios asociados da <a href=\"https:\/\/www.multiusos.net\/perfil-de-usuario\">mi\u00f1a conta<\/a>.<\/p>\n<h3>Consultas<\/h3>\n<p>Si tiene alguna duda o sugerencia\u00a0que nos quiera hacer llegar, puede hacerlo v\u00eda telef\u00f3nica en el n\u00famero<strong>\u00a0981 568 160<\/strong><\/p>\n","protected":false},"excerpt":{"rendered":"<p>Normativa Recuerde\u00a0leer con atenci\u00f3n la Normativa que rige los cursos antes de iniciar el proceso de inscripci\u00f3n a los mismos.\u00a0Ver normativa Para los cursillos destinados a los ni\u00f1os y ni\u00f1as,\u00a0HAZ CLICK aqu\u00ed para consultar la normativa y recomendaciones. Aviso La\u00a0informaci\u00f3n de los cursos es clara y precisa. Lea atentamente todos los datos del curso (d\u00eda&#8230;<\/p>\n","protected":false},"author":1,"featured_media":0,"parent":0,"menu_order":0,"comment_status":"closed","ping_status":"closed","template":"","meta":[],"aioseo_notices":[],"_links":{"self":[{"href":"https:\/\/www.multiusos.net\/es\/wp-json\/wp\/v2\/pages\/9929"}],"collection":[{"href":"https:\/\/www.multiusos.net\/es\/wp-json\/wp\/v2\/pages"}],"about":[{"href":"https:\/\/www.multiusos.net\/es\/wp-json\/wp\/v2\/types\/page"}],"author":[{"embeddable":true,"href":"https:\/\/www.multiusos.net\/es\/wp-json\/wp\/v2\/users\/1"}],"replies":[{"embeddable":true,"href":"https:\/\/www.multiusos.net\/es\/wp-json\/wp\/v2\/comments?post=9929"}],"version-history":[{"count":13,"href":"https:\/\/www.multiusos.net\/es\/wp-json\/wp\/v2\/pages\/9929\/revisions"}],"predecessor-version":[{"id":48385,"href":"https:\/\/www.multiusos.net\/es\/wp-json\/wp\/v2\/pages\/9929\/revisions\/48385"}],"wp:attachment":[{"href":"https:\/\/www.multiusos.net\/es\/wp-json\/wp\/v2\/media?parent=9929"}],"curies":[{"name":"wp","href":"https:\/\/api.w.org\/{rel}","templated":true}]}}