{"id":9933,"date":"2014-03-26T10:33:09","date_gmt":"2014-03-26T09:33:09","guid":{"rendered":"http:\/\/www.multiusos.net\/?page_id=9933"},"modified":"2025-08-29T12:46:40","modified_gmt":"2025-08-29T10:46:40","slug":"visita-las-instalaciones","status":"publish","type":"page","link":"https:\/\/www.multiusos.net\/es\/instalaciones\/visita-las-instalaciones\/","title":{"rendered":"Visita las Instalaciones"},"content":{"rendered":"<h2>Multiusos Fontes do Sar<\/h2>\n<p><img loading=\"lazy\" class=\"size-full wp-image-7373 aligncenter\" src=\"http:\/\/www.multiusos.net\/wp-content\/uploads\/2013\/12\/Multiusosexter1.jpg\" alt=\"fotoweb_santaisabel\" width=\"640\" height=\"433\" \/><\/p>\n<div style=\"margin-bottom: 40px;\">\n<div id=\"accordion\" class=\"panel-group\">\n<div class=\"panel panel-default\">\n<div class=\"panel-heading\">\n<h4 class=\"panel-title\"><a href=\"#collapse1\" data-toggle=\"collapse\" data-parent=\"#accordion\"><br \/>\n<i class=\"fa fa-chevron-circle-down\"><\/i> Un edificio multifuncional en Santiago de Compostela<br \/>\n<\/a><\/h4>\n<\/div>\n<div id=\"collapse1\" class=\"panel-collapse collapse in\">\n<div class=\"panel-body\">El\u00a0<strong>MULTIUSOS FONTES DO SAR<\/strong> est\u00e1 situado en el barrio compostelano de Sar, en un enclave perfectamente comunicado a trav\u00e9s de la autopista y de la circunvalaci\u00f3n. La versatilidad y la estrutura funcional del edificio hacen que se pueda compatibilizar<br \/>\nsu uso diario como <strong>centro l\u00fadico y deportivo<\/strong> con la realizaci\u00f3n de<strong> grandes eventos sociales y culturales<\/strong>. Sus <strong>m\u00e1s de 10.000 metros cuadrados<\/strong> de superficie y su multifuncionalidad<br \/>\npermiten desarrollar actividades de ocio y salud, partidos de competici\u00f3n (Obradoiro CAB -en la Liga ENDESA-, Santiago Futsal.\u2026), actos sociales (exposiciones, congresos\u2026), y espect\u00e1culos de gran repercusi\u00f3n en la capital gallega (Mark Knopfler,<br \/>\nShakira, Cirque du Soleil, Sabina, Alejandro Sanz,\u00a0 Van Morrison, Extremoduro\u2026).<div class=\"custom-embed-video\" data-src=\"\/\/www.youtube-nocookie.com\/embed\/5ebHj2qN0g0\"><a href=\"https:\/\/www.youtube.com\/watch?v=5ebHj2qN0g0\" target=\"_blank\"><img src=\"https:\/\/www.multiusos.net\/wp-content\/themes\/multiusos\/includes\/timthumb.php?src=https:\/\/img.youtube.com\/vi\/5ebHj2qN0g0\/maxresdefault.jpg&w=1280&h=720\"><\/a><\/div><a   class=\"wt-btn wt-btn-orange wt-btn-small\" href=\"http:\/\/www.multiusos.net\/es\/quienes-somos\/instalaciones\/planos\/\"> Ver planos <\/a><\/div>\n<\/div>\n<\/div>\n<div class=\"panel panel-default\">\n<div class=\"panel-heading\">\n<h4 class=\"panel-title\"><a href=\"#collapse2\" data-toggle=\"collapse\" data-parent=\"#accordion\"><br \/>\n<i class=\"fa fa-chevron-circle-down\"><\/i> Caracter\u00edsticas de la Instalaci\u00f3n &#8211; \u00c1rea Deportiva<br \/>\n<\/a><\/h4>\n<\/div>\n<div id=\"collapse2\" class=\"panel-collapse collapse\">\n<div class=\"panel-body\">\n<ul class=\"wt-list wtlist-star\">\n<li> 2 salas de musculaci\u00f3n.<\/li>\n<li> 1 sala de cardiovascular.<\/li>\n<li> 10 salas de actividades dirigidas.<\/li>\n<li> Piscinas Fontes do Sar: permiten disfrutar del agua durante todo el a\u00f1o, gracias a la instalaci\u00f3n de un globo presost\u00e1tico que cubre el vaso en invierno.<\/li>\n<li> Pistas de P\u00e1del y Tenis de Sar: 3 pistas de p\u00e1del cubiertas y 2 descubiertas, 1 cancha de tenis.<\/li>\n<li> Vestuarios.<\/li>\n<li> 4 saunas y 2 ba\u00f1os de vapor.<\/li>\n<li> Unidad m\u00e9dica y de fisioterapia &#8211; <a href=\"http:\/\/www.amerguin.com\/\" target=\"_blank\" rel=\"noopener noreferrer\">AMERGU\u00cdN<\/a><\/li>\n<li> Centro de est\u00e9tica &#8211; <a href=\"http:\/\/www.multiusos.net\/deporte-e-saude\/multiestetic\/\">MULTIESTETIC<\/a><\/li>\n<li> Pista central.<\/li>\n<li> Cafeter\u00eda.<\/li>\n<li> Parking con capacidad para 700 veh\u00edculos.<\/li>\n<\/ul>\n\n\t\t<style type=\"text\/css\">\n\t\t\t#gallery-1 {\n\t\t\t\tmargin: auto;\n\t\t\t}\n\t\t\t#gallery-1 .gallery-item {\n\t\t\t\tfloat: left;\n\t\t\t\tmargin-top: 10px;\n\t\t\t\ttext-align: center;\n\t\t\t\twidth: 25%;\n\t\t\t}\n\t\t\t#gallery-1 img {\n\t\t\t\tborder: 2px solid #cfcfcf;\n\t\t\t}\n\t\t\t#gallery-1 .gallery-caption {\n\t\t\t\tmargin-left: 0;\n\t\t\t}\n\t\t\t\/* see gallery_shortcode() in wp-includes\/media.php *\/\n\t\t<\/style>\n\t\t<div id='gallery-1' class='gallery galleryid-9933 gallery-columns-4 gallery-size-thumbnail'><dl class='gallery-item'>\n\t\t\t<dt class='gallery-icon landscape'>\n\t\t\t\t<a rel=\"fancy\" class=\"hover-glasses\" href='https:\/\/www.multiusos.net\/wp-content\/uploads\/2013\/12\/Fitbike-021.jpg'><img width=\"150\" height=\"150\" src=\"https:\/\/www.multiusos.net\/wp-content\/uploads\/2013\/12\/Fitbike-021-150x150.jpg\" class=\"attachment-thumbnail size-thumbnail\" alt=\"\" loading=\"lazy\" srcset=\"https:\/\/www.multiusos.net\/wp-content\/uploads\/2013\/12\/Fitbike-021-150x150.jpg 150w, https:\/\/www.multiusos.net\/wp-content\/uploads\/2013\/12\/Fitbike-021-270x270.jpg 270w, https:\/\/www.multiusos.net\/wp-content\/uploads\/2013\/12\/Fitbike-021-207x207.jpg 207w, https:\/\/www.multiusos.net\/wp-content\/uploads\/2013\/12\/Fitbike-021-75x75.jpg 75w\" sizes=\"(max-width: 150px) 100vw, 150px\" \/><\/a>\n\t\t\t<\/dt><\/dl><dl class='gallery-item'>\n\t\t\t<dt class='gallery-icon landscape'>\n\t\t\t\t<a rel=\"fancy\" class=\"hover-glasses\" href='https:\/\/www.multiusos.net\/wp-content\/uploads\/2013\/12\/PanoramicaObra.jpg'><img width=\"150\" height=\"150\" src=\"https:\/\/www.multiusos.net\/wp-content\/uploads\/2013\/12\/PanoramicaObra-150x150.jpg\" class=\"attachment-thumbnail size-thumbnail\" alt=\"\" loading=\"lazy\" srcset=\"https:\/\/www.multiusos.net\/wp-content\/uploads\/2013\/12\/PanoramicaObra-150x150.jpg 150w, https:\/\/www.multiusos.net\/wp-content\/uploads\/2013\/12\/PanoramicaObra-270x270.jpg 270w, https:\/\/www.multiusos.net\/wp-content\/uploads\/2013\/12\/PanoramicaObra-207x207.jpg 207w, https:\/\/www.multiusos.net\/wp-content\/uploads\/2013\/12\/PanoramicaObra-75x75.jpg 75w\" sizes=\"(max-width: 150px) 100vw, 150px\" \/><\/a>\n\t\t\t<\/dt><\/dl><dl class='gallery-item'>\n\t\t\t<dt class='gallery-icon landscape'>\n\t\t\t\t<a rel=\"fancy\" class=\"hover-glasses\" href='https:\/\/www.multiusos.net\/wp-content\/uploads\/2013\/12\/Sala-musculacio\u00a6\u00fcn-e-cardio-001.jpg'><img width=\"150\" height=\"150\" src=\"https:\/\/www.multiusos.net\/wp-content\/uploads\/2013\/12\/Sala-musculacio\u00a6\u00fcn-e-cardio-001-150x150.jpg\" class=\"attachment-thumbnail size-thumbnail\" alt=\"\" loading=\"lazy\" srcset=\"https:\/\/www.multiusos.net\/wp-content\/uploads\/2013\/12\/Sala-musculacio\u00a6\u00fcn-e-cardio-001-150x150.jpg 150w, https:\/\/www.multiusos.net\/wp-content\/uploads\/2013\/12\/Sala-musculacio\u00a6\u00fcn-e-cardio-001-270x270.jpg 270w, https:\/\/www.multiusos.net\/wp-content\/uploads\/2013\/12\/Sala-musculacio\u00a6\u00fcn-e-cardio-001-207x207.jpg 207w, https:\/\/www.multiusos.net\/wp-content\/uploads\/2013\/12\/Sala-musculacio\u00a6\u00fcn-e-cardio-001-75x75.jpg 75w\" sizes=\"(max-width: 150px) 100vw, 150px\" \/><\/a>\n\t\t\t<\/dt><\/dl><dl class='gallery-item'>\n\t\t\t<dt class='gallery-icon landscape'>\n\t\t\t\t<a rel=\"fancy\" class=\"hover-glasses\" href='https:\/\/www.multiusos.net\/wp-content\/uploads\/2013\/12\/Sala-musculacio\u00a6\u00fcn-e-cardio-018.jpg'><img width=\"150\" height=\"150\" src=\"https:\/\/www.multiusos.net\/wp-content\/uploads\/2013\/12\/Sala-musculacio\u00a6\u00fcn-e-cardio-018-150x150.jpg\" class=\"attachment-thumbnail size-thumbnail\" alt=\"\" loading=\"lazy\" srcset=\"https:\/\/www.multiusos.net\/wp-content\/uploads\/2013\/12\/Sala-musculacio\u00a6\u00fcn-e-cardio-018-150x150.jpg 150w, https:\/\/www.multiusos.net\/wp-content\/uploads\/2013\/12\/Sala-musculacio\u00a6\u00fcn-e-cardio-018-270x270.jpg 270w, https:\/\/www.multiusos.net\/wp-content\/uploads\/2013\/12\/Sala-musculacio\u00a6\u00fcn-e-cardio-018-207x207.jpg 207w, https:\/\/www.multiusos.net\/wp-content\/uploads\/2013\/12\/Sala-musculacio\u00a6\u00fcn-e-cardio-018-75x75.jpg 75w\" sizes=\"(max-width: 150px) 100vw, 150px\" \/><\/a>\n\t\t\t<\/dt><\/dl><br style=\"clear: both\" \/><dl class='gallery-item'>\n\t\t\t<dt class='gallery-icon landscape'>\n\t\t\t\t<a rel=\"fancy\" class=\"hover-glasses\" href='https:\/\/www.multiusos.net\/wp-content\/uploads\/2013\/12\/Sala-musculacio\u00a6\u00fcn-e-cardio-004.jpg'><img width=\"150\" height=\"150\" src=\"https:\/\/www.multiusos.net\/wp-content\/uploads\/2013\/12\/Sala-musculacio\u00a6\u00fcn-e-cardio-004-150x150.jpg\" class=\"attachment-thumbnail size-thumbnail\" alt=\"\" loading=\"lazy\" srcset=\"https:\/\/www.multiusos.net\/wp-content\/uploads\/2013\/12\/Sala-musculacio\u00a6\u00fcn-e-cardio-004-150x150.jpg 150w, https:\/\/www.multiusos.net\/wp-content\/uploads\/2013\/12\/Sala-musculacio\u00a6\u00fcn-e-cardio-004-270x270.jpg 270w, https:\/\/www.multiusos.net\/wp-content\/uploads\/2013\/12\/Sala-musculacio\u00a6\u00fcn-e-cardio-004-207x207.jpg 207w, https:\/\/www.multiusos.net\/wp-content\/uploads\/2013\/12\/Sala-musculacio\u00a6\u00fcn-e-cardio-004-75x75.jpg 75w\" sizes=\"(max-width: 150px) 100vw, 150px\" \/><\/a>\n\t\t\t<\/dt><\/dl><dl class='gallery-item'>\n\t\t\t<dt class='gallery-icon landscape'>\n\t\t\t\t<a rel=\"fancy\" class=\"hover-glasses\" href='https:\/\/www.multiusos.net\/wp-content\/uploads\/2013\/12\/TenisPa\u00a6\u00fcdel-027.jpg'><img width=\"150\" height=\"150\" src=\"https:\/\/www.multiusos.net\/wp-content\/uploads\/2013\/12\/TenisPa\u00a6\u00fcdel-027-150x150.jpg\" class=\"attachment-thumbnail size-thumbnail\" alt=\"\" loading=\"lazy\" srcset=\"https:\/\/www.multiusos.net\/wp-content\/uploads\/2013\/12\/TenisPa\u00a6\u00fcdel-027-150x150.jpg 150w, https:\/\/www.multiusos.net\/wp-content\/uploads\/2013\/12\/TenisPa\u00a6\u00fcdel-027-270x270.jpg 270w, https:\/\/www.multiusos.net\/wp-content\/uploads\/2013\/12\/TenisPa\u00a6\u00fcdel-027-207x207.jpg 207w, https:\/\/www.multiusos.net\/wp-content\/uploads\/2013\/12\/TenisPa\u00a6\u00fcdel-027-75x75.jpg 75w\" sizes=\"(max-width: 150px) 100vw, 150px\" \/><\/a>\n\t\t\t<\/dt><\/dl><dl class='gallery-item'>\n\t\t\t<dt class='gallery-icon landscape'>\n\t\t\t\t<a rel=\"fancy\" class=\"hover-glasses\" href='https:\/\/www.multiusos.net\/wp-content\/uploads\/2013\/12\/TenisPa\u00a6\u00fcdel-037.jpg'><img width=\"150\" height=\"150\" src=\"https:\/\/www.multiusos.net\/wp-content\/uploads\/2013\/12\/TenisPa\u00a6\u00fcdel-037-150x150.jpg\" class=\"attachment-thumbnail size-thumbnail\" alt=\"\" loading=\"lazy\" srcset=\"https:\/\/www.multiusos.net\/wp-content\/uploads\/2013\/12\/TenisPa\u00a6\u00fcdel-037-150x150.jpg 150w, https:\/\/www.multiusos.net\/wp-content\/uploads\/2013\/12\/TenisPa\u00a6\u00fcdel-037-270x270.jpg 270w, https:\/\/www.multiusos.net\/wp-content\/uploads\/2013\/12\/TenisPa\u00a6\u00fcdel-037-207x207.jpg 207w, https:\/\/www.multiusos.net\/wp-content\/uploads\/2013\/12\/TenisPa\u00a6\u00fcdel-037-75x75.jpg 75w\" sizes=\"(max-width: 150px) 100vw, 150px\" \/><\/a>\n\t\t\t<\/dt><\/dl><dl class='gallery-item'>\n\t\t\t<dt class='gallery-icon landscape'>\n\t\t\t\t<a rel=\"fancy\" class=\"hover-glasses\" href='https:\/\/www.multiusos.net\/wp-content\/uploads\/2013\/12\/Piscina-Sar-017.jpg'><img width=\"150\" height=\"150\" src=\"https:\/\/www.multiusos.net\/wp-content\/uploads\/2013\/12\/Piscina-Sar-017-150x150.jpg\" class=\"attachment-thumbnail size-thumbnail\" alt=\"\" loading=\"lazy\" srcset=\"https:\/\/www.multiusos.net\/wp-content\/uploads\/2013\/12\/Piscina-Sar-017-150x150.jpg 150w, https:\/\/www.multiusos.net\/wp-content\/uploads\/2013\/12\/Piscina-Sar-017-270x270.jpg 270w, https:\/\/www.multiusos.net\/wp-content\/uploads\/2013\/12\/Piscina-Sar-017-207x207.jpg 207w, https:\/\/www.multiusos.net\/wp-content\/uploads\/2013\/12\/Piscina-Sar-017-75x75.jpg 75w\" sizes=\"(max-width: 150px) 100vw, 150px\" \/><\/a>\n\t\t\t<\/dt><\/dl><br style=\"clear: both\" \/>\n\t\t<\/div>\n\n<\/div>\n<\/div>\n<\/div>\n<div class=\"panel panel-default\">\n<div class=\"panel-heading\">\n<h4 class=\"panel-title\"><a href=\"#collapse3\" data-toggle=\"collapse\" data-parent=\"#accordion\"><br \/>\n<i class=\"fa fa-chevron-circle-down\"><\/i> Caracter\u00edsticas de la Instalaci\u00f3n &#8211; \u00c1rea para Eventos y Espect\u00e1culos<br \/>\n<\/a><\/h4>\n<\/div>\n<div id=\"collapse3\" class=\"panel-collapse collapse\">\n<div class=\"panel-body\">\n<ul class=\"wt-list wtlist-star\">\n<li> 6 camerinos equipados con l\u00ednea de voz y datos.<\/li>\n<li> Sala de prensa.<\/li>\n<li> Hall de entrada de casi 1.000 m2 para espect\u00e1culos y eventos.<\/li>\n<li> Zona V.I.P.<\/li>\n<li> 5.065 localidades sentados.<\/li>\n<li> Aforo total m\u00e1ximo de 8.000 persoas.<\/li>\n<li> Oficina de producci\u00f3n totalmente equipada.<\/li>\n<li> Almac\u00e9n.<\/li>\n<li> Taquillas.<\/li>\n<li> Parking con capacidad para 700 veh\u00edculos.<\/li>\n<\/ul>\n\n\t\t<style type=\"text\/css\">\n\t\t\t#gallery-2 {\n\t\t\t\tmargin: auto;\n\t\t\t}\n\t\t\t#gallery-2 .gallery-item {\n\t\t\t\tfloat: left;\n\t\t\t\tmargin-top: 10px;\n\t\t\t\ttext-align: center;\n\t\t\t\twidth: 25%;\n\t\t\t}\n\t\t\t#gallery-2 img {\n\t\t\t\tborder: 2px solid #cfcfcf;\n\t\t\t}\n\t\t\t#gallery-2 .gallery-caption {\n\t\t\t\tmargin-left: 0;\n\t\t\t}\n\t\t\t\/* see gallery_shortcode() in wp-includes\/media.php *\/\n\t\t<\/style>\n\t\t<div id='gallery-2' class='gallery galleryid-9933 gallery-columns-4 gallery-size-thumbnail'><dl class='gallery-item'>\n\t\t\t<dt class='gallery-icon landscape'>\n\t\t\t\t<a rel=\"fancy\" class=\"hover-glasses\" href='https:\/\/www.multiusos.net\/wp-content\/uploads\/2013\/12\/CenaCongresoPediatria.jpg'><img width=\"150\" height=\"150\" src=\"https:\/\/www.multiusos.net\/wp-content\/uploads\/2013\/12\/CenaCongresoPediatria-150x150.jpg\" class=\"attachment-thumbnail size-thumbnail\" alt=\"\" loading=\"lazy\" srcset=\"https:\/\/www.multiusos.net\/wp-content\/uploads\/2013\/12\/CenaCongresoPediatria-150x150.jpg 150w, https:\/\/www.multiusos.net\/wp-content\/uploads\/2013\/12\/CenaCongresoPediatria-270x270.jpg 270w, https:\/\/www.multiusos.net\/wp-content\/uploads\/2013\/12\/CenaCongresoPediatria-207x207.jpg 207w, https:\/\/www.multiusos.net\/wp-content\/uploads\/2013\/12\/CenaCongresoPediatria-75x75.jpg 75w\" sizes=\"(max-width: 150px) 100vw, 150px\" \/><\/a>\n\t\t\t<\/dt><\/dl><dl class='gallery-item'>\n\t\t\t<dt class='gallery-icon landscape'>\n\t\t\t\t<a rel=\"fancy\" class=\"hover-glasses\" href='https:\/\/www.multiusos.net\/wp-content\/uploads\/2013\/12\/FeiraElectroactiva.jpg'><img width=\"150\" height=\"150\" src=\"https:\/\/www.multiusos.net\/wp-content\/uploads\/2013\/12\/FeiraElectroactiva-150x150.jpg\" class=\"attachment-thumbnail size-thumbnail\" alt=\"\" loading=\"lazy\" srcset=\"https:\/\/www.multiusos.net\/wp-content\/uploads\/2013\/12\/FeiraElectroactiva-150x150.jpg 150w, https:\/\/www.multiusos.net\/wp-content\/uploads\/2013\/12\/FeiraElectroactiva-270x270.jpg 270w, https:\/\/www.multiusos.net\/wp-content\/uploads\/2013\/12\/FeiraElectroactiva-207x207.jpg 207w, https:\/\/www.multiusos.net\/wp-content\/uploads\/2013\/12\/FeiraElectroactiva-75x75.jpg 75w\" sizes=\"(max-width: 150px) 100vw, 150px\" \/><\/a>\n\t\t\t<\/dt><\/dl><dl class='gallery-item'>\n\t\t\t<dt class='gallery-icon landscape'>\n\t\t\t\t<a rel=\"fancy\" class=\"hover-glasses\" href='https:\/\/www.multiusos.net\/wp-content\/uploads\/2013\/12\/LigadeDebate2.jpg'><img width=\"150\" height=\"150\" src=\"https:\/\/www.multiusos.net\/wp-content\/uploads\/2013\/12\/LigadeDebate2-150x150.jpg\" class=\"attachment-thumbnail size-thumbnail\" alt=\"\" loading=\"lazy\" srcset=\"https:\/\/www.multiusos.net\/wp-content\/uploads\/2013\/12\/LigadeDebate2-150x150.jpg 150w, https:\/\/www.multiusos.net\/wp-content\/uploads\/2013\/12\/LigadeDebate2-270x270.jpg 270w, https:\/\/www.multiusos.net\/wp-content\/uploads\/2013\/12\/LigadeDebate2-207x207.jpg 207w, https:\/\/www.multiusos.net\/wp-content\/uploads\/2013\/12\/LigadeDebate2-75x75.jpg 75w\" sizes=\"(max-width: 150px) 100vw, 150px\" \/><\/a>\n\t\t\t<\/dt><\/dl><dl class='gallery-item'>\n\t\t\t<dt class='gallery-icon landscape'>\n\t\t\t\t<a rel=\"fancy\" class=\"hover-glasses\" href='https:\/\/www.multiusos.net\/wp-content\/uploads\/2013\/12\/Multixogo.jpg'><img width=\"150\" height=\"150\" src=\"https:\/\/www.multiusos.net\/wp-content\/uploads\/2013\/12\/Multixogo-150x150.jpg\" class=\"attachment-thumbnail size-thumbnail\" alt=\"\" loading=\"lazy\" srcset=\"https:\/\/www.multiusos.net\/wp-content\/uploads\/2013\/12\/Multixogo-150x150.jpg 150w, https:\/\/www.multiusos.net\/wp-content\/uploads\/2013\/12\/Multixogo-270x270.jpg 270w, https:\/\/www.multiusos.net\/wp-content\/uploads\/2013\/12\/Multixogo-207x207.jpg 207w, https:\/\/www.multiusos.net\/wp-content\/uploads\/2013\/12\/Multixogo-75x75.jpg 75w\" sizes=\"(max-width: 150px) 100vw, 150px\" \/><\/a>\n\t\t\t<\/dt><\/dl><br style=\"clear: both\" \/><dl class='gallery-item'>\n\t\t\t<dt class='gallery-icon landscape'>\n\t\t\t\t<a rel=\"fancy\" class=\"hover-glasses\" href='https:\/\/www.multiusos.net\/wp-content\/uploads\/2013\/12\/TorneoFutbolPraia.jpg'><img width=\"150\" height=\"150\" src=\"https:\/\/www.multiusos.net\/wp-content\/uploads\/2013\/12\/TorneoFutbolPraia-150x150.jpg\" class=\"attachment-thumbnail size-thumbnail\" alt=\"\" loading=\"lazy\" srcset=\"https:\/\/www.multiusos.net\/wp-content\/uploads\/2013\/12\/TorneoFutbolPraia-150x150.jpg 150w, https:\/\/www.multiusos.net\/wp-content\/uploads\/2013\/12\/TorneoFutbolPraia-270x270.jpg 270w, https:\/\/www.multiusos.net\/wp-content\/uploads\/2013\/12\/TorneoFutbolPraia-207x207.jpg 207w, https:\/\/www.multiusos.net\/wp-content\/uploads\/2013\/12\/TorneoFutbolPraia-75x75.jpg 75w\" sizes=\"(max-width: 150px) 100vw, 150px\" \/><\/a>\n\t\t\t<\/dt><\/dl><dl class='gallery-item'>\n\t\t\t<dt class='gallery-icon landscape'>\n\t\t\t\t<a rel=\"fancy\" class=\"hover-glasses\" href='https:\/\/www.multiusos.net\/wp-content\/uploads\/2013\/12\/XuventudeGalizaNet.jpg'><img width=\"150\" height=\"150\" src=\"https:\/\/www.multiusos.net\/wp-content\/uploads\/2013\/12\/XuventudeGalizaNet-150x150.jpg\" class=\"attachment-thumbnail size-thumbnail\" alt=\"\" loading=\"lazy\" srcset=\"https:\/\/www.multiusos.net\/wp-content\/uploads\/2013\/12\/XuventudeGalizaNet-150x150.jpg 150w, https:\/\/www.multiusos.net\/wp-content\/uploads\/2013\/12\/XuventudeGalizaNet-270x270.jpg 270w, https:\/\/www.multiusos.net\/wp-content\/uploads\/2013\/12\/XuventudeGalizaNet-207x207.jpg 207w, https:\/\/www.multiusos.net\/wp-content\/uploads\/2013\/12\/XuventudeGalizaNet-75x75.jpg 75w\" sizes=\"(max-width: 150px) 100vw, 150px\" \/><\/a>\n\t\t\t<\/dt><\/dl><dl class='gallery-item'>\n\t\t\t<dt class='gallery-icon landscape'>\n\t\t\t\t<a rel=\"fancy\" class=\"hover-glasses\" href='https:\/\/www.multiusos.net\/wp-content\/uploads\/2013\/12\/httpwww.multiusos.netimgnoticiasBOSEweb3.jpg'><img width=\"150\" height=\"150\" src=\"https:\/\/www.multiusos.net\/wp-content\/uploads\/2013\/12\/httpwww.multiusos.netimgnoticiasBOSEweb3-150x150.jpg\" class=\"attachment-thumbnail size-thumbnail\" alt=\"\" loading=\"lazy\" srcset=\"https:\/\/www.multiusos.net\/wp-content\/uploads\/2013\/12\/httpwww.multiusos.netimgnoticiasBOSEweb3-150x150.jpg 150w, https:\/\/www.multiusos.net\/wp-content\/uploads\/2013\/12\/httpwww.multiusos.netimgnoticiasBOSEweb3-300x300.jpg 300w, https:\/\/www.multiusos.net\/wp-content\/uploads\/2013\/12\/httpwww.multiusos.netimgnoticiasBOSEweb3-270x270.jpg 270w, https:\/\/www.multiusos.net\/wp-content\/uploads\/2013\/12\/httpwww.multiusos.netimgnoticiasBOSEweb3-207x207.jpg 207w, https:\/\/www.multiusos.net\/wp-content\/uploads\/2013\/12\/httpwww.multiusos.netimgnoticiasBOSEweb3-75x75.jpg 75w, https:\/\/www.multiusos.net\/wp-content\/uploads\/2013\/12\/httpwww.multiusos.netimgnoticiasBOSEweb3.jpg 422w\" sizes=\"(max-width: 150px) 100vw, 150px\" \/><\/a>\n\t\t\t<\/dt><\/dl><dl class='gallery-item'>\n\t\t\t<dt class='gallery-icon landscape'>\n\t\t\t\t<a rel=\"fancy\" class=\"hover-glasses\" href='https:\/\/www.multiusos.net\/wp-content\/uploads\/2013\/12\/httpwww.multiusos.netimggalerias85555f8e2b4455f487643ea8efbc9ea31.jpg'><img width=\"150\" height=\"150\" src=\"https:\/\/www.multiusos.net\/wp-content\/uploads\/2013\/12\/httpwww.multiusos.netimggalerias85555f8e2b4455f487643ea8efbc9ea31-150x150.jpg\" class=\"attachment-thumbnail size-thumbnail\" alt=\"\" loading=\"lazy\" srcset=\"https:\/\/www.multiusos.net\/wp-content\/uploads\/2013\/12\/httpwww.multiusos.netimggalerias85555f8e2b4455f487643ea8efbc9ea31-150x150.jpg 150w, https:\/\/www.multiusos.net\/wp-content\/uploads\/2013\/12\/httpwww.multiusos.netimggalerias85555f8e2b4455f487643ea8efbc9ea31-270x270.jpg 270w, https:\/\/www.multiusos.net\/wp-content\/uploads\/2013\/12\/httpwww.multiusos.netimggalerias85555f8e2b4455f487643ea8efbc9ea31-207x207.jpg 207w, https:\/\/www.multiusos.net\/wp-content\/uploads\/2013\/12\/httpwww.multiusos.netimggalerias85555f8e2b4455f487643ea8efbc9ea31-75x75.jpg 75w\" sizes=\"(max-width: 150px) 100vw, 150px\" \/><\/a>\n\t\t\t<\/dt><\/dl><br style=\"clear: both\" \/>\n\t\t<\/div>\n\n<\/div>\n<\/div>\n<\/div>\n<\/div>\n<\/div>\n<h2>Complejo Deportivo Santa Isabel<\/h2>\n<p><img loading=\"lazy\" class=\"aligncenter size-full wp-image-9694\" src=\"http:\/\/www.multiusos.net\/wp-content\/uploads\/2013\/12\/DSC01492.jpg\" alt=\"DSC01492\" width=\"640\" height=\"427\" srcset=\"https:\/\/www.multiusos.net\/wp-content\/uploads\/2013\/12\/DSC01492.jpg 640w, https:\/\/www.multiusos.net\/wp-content\/uploads\/2013\/12\/DSC01492-300x200.jpg 300w\" sizes=\"(max-width: 640px) 100vw, 640px\" \/><\/p>\n<div style=\"margin-bottom: 40px;\">\n<p>El\u00a0<strong>COMPLEJO DEPORTIVO SANTA ISABEL<\/strong>, con una superficie de casi <strong>3.000 m2<\/strong>, es el centro deportivo de referencia en el casco urbano de Compostela. Su emplazamiento est\u00e1 realzado por la arquitectura propia del recinto, conseguiendo espacios di\u00e1fanos donde la luz natural entra de forma directa, creando as\u00ed un <strong>lugar c\u00e1lido y acogedor<\/strong>. El complejo acoge numerosas actividades de ocio y salud en \u00e9l entrenan algunos de los principales clubs y deportistas gallegos (Club de Nataci\u00f3n Santiago, Club de Waterpolo Santiago\u2026).<\/p>\n<div class=\"custom-embed-video\" data-src=\"\/\/www.youtube-nocookie.com\/embed\/BGvPNQDlsN8\"><a href=\"https:\/\/www.youtube.com\/watch?v=BGvPNQDlsN8\" target=\"_blank\"><img src=\"https:\/\/www.multiusos.net\/wp-content\/themes\/multiusos\/includes\/timthumb.php?src=https:\/\/img.youtube.com\/vi\/BGvPNQDlsN8\/maxresdefault.jpg&w=1280&h=720\"><\/a><\/div>\n<h3>Caracter\u00edsticas de la Instalaci\u00f3n &#8211; \u00c1rea Deportiva<\/h3>\n<ul class=\"wt-list wtlist-star\">\n<li> Amplia sala de trabajo de musculaci\u00f3n y cardiovascular.<\/li>\n<li> 3 salas de actividades dirigidas.<\/li>\n<li> Piscina. Vaso profundo de 25 x 16,5 metros , con ocho calles delimitadas y homologada por la federaci\u00f3n de Nataci\u00f3n como apta para las competiciones oficiales.<\/li>\n<li> Sauna.<\/li>\n<li> Solarium.<\/li>\n<li> Vestuarios.<\/li>\n<\/ul>\n<\/div>\n","protected":false},"excerpt":{"rendered":"<p>Multiusos Fontes do Sar Un edificio multifuncional en Santiago de Compostela El\u00a0MULTIUSOS FONTES DO SAR est\u00e1 situado en el barrio compostelano de Sar, en un enclave perfectamente comunicado a trav\u00e9s de la autopista y de la circunvalaci\u00f3n. La versatilidad y la estrutura funcional del edificio hacen que se pueda compatibilizar su uso diario como centro&#8230;<\/p>\n","protected":false},"author":1,"featured_media":0,"parent":9931,"menu_order":0,"comment_status":"closed","ping_status":"closed","template":"","meta":[],"aioseo_notices":[],"_links":{"self":[{"href":"https:\/\/www.multiusos.net\/es\/wp-json\/wp\/v2\/pages\/9933"}],"collection":[{"href":"https:\/\/www.multiusos.net\/es\/wp-json\/wp\/v2\/pages"}],"about":[{"href":"https:\/\/www.multiusos.net\/es\/wp-json\/wp\/v2\/types\/page"}],"author":[{"embeddable":true,"href":"https:\/\/www.multiusos.net\/es\/wp-json\/wp\/v2\/users\/1"}],"replies":[{"embeddable":true,"href":"https:\/\/www.multiusos.net\/es\/wp-json\/wp\/v2\/comments?post=9933"}],"version-history":[{"count":13,"href":"https:\/\/www.multiusos.net\/es\/wp-json\/wp\/v2\/pages\/9933\/revisions"}],"predecessor-version":[{"id":49080,"href":"https:\/\/www.multiusos.net\/es\/wp-json\/wp\/v2\/pages\/9933\/revisions\/49080"}],"up":[{"embeddable":true,"href":"https:\/\/www.multiusos.net\/es\/wp-json\/wp\/v2\/pages\/9931"}],"wp:attachment":[{"href":"https:\/\/www.multiusos.net\/es\/wp-json\/wp\/v2\/media?parent=9933"}],"curies":[{"name":"wp","href":"https:\/\/api.w.org\/{rel}","templated":true}]}}