{"id":9941,"date":"2014-03-26T10:36:57","date_gmt":"2014-03-26T09:36:57","guid":{"rendered":"http:\/\/www.multiusos.net\/?page_id=9941"},"modified":"2023-11-02T13:43:08","modified_gmt":"2023-11-02T12:43:08","slug":"quienes-somos","status":"publish","type":"page","link":"https:\/\/www.multiusos.net\/es\/instalaciones\/quienes-somos\/","title":{"rendered":"Quienes Somos"},"content":{"rendered":"<p><strong>Xes<a href=\"http:\/\/www.multiusos.net\/wp-content\/uploads\/2013\/12\/Multiusosexter1.jpg\"><img loading=\"lazy\" class=\" wp-image-9691 alignleft\" alt=\"Multiusosexter\" src=\"http:\/\/www.multiusos.net\/wp-content\/uploads\/2013\/12\/Multiusosexter1.jpg\" width=\"314\" height=\"212\" srcset=\"https:\/\/www.multiusos.net\/wp-content\/uploads\/2013\/12\/Multiusosexter1.jpg 640w, https:\/\/www.multiusos.net\/wp-content\/uploads\/2013\/12\/Multiusosexter1-300x202.jpg 300w\" sizes=\"(max-width: 314px) 100vw, 314px\" \/><\/a>ti\u00f3n de Actividades Deportivas e Espect\u00e1culos S.L.<\/strong>\u00a0gestiona desde el a\u00f1o 2001 las instalaciones deportivas del Multiusos Fontes do Sar y del Complejo Deportivo Santa Isabel. Trabajamos cada d\u00eda para ofrecer a los compostelanos una oferta deportiva y de ocio heterog\u00e9nea y de calidad, acorde siempre a las demandas de la sociedad. Nuestro principal objetivo es mejorar tu calidad de vida y tu bienestar.<\/p>\n<p>Ponemos a tu disposici\u00f3n cerca de 15.000 m2 dedicados a la pr\u00e1ctica deportiva: piscinas de verano y de invierno, 5 pistas de p\u00e1del y 1 de tenis, salas de musculaci\u00f3n y cardiovascular, 14 salas de actividades dirigidas, pista central multiusos\u2026<\/p>\n<ul>\n<li>El\u00a0<strong>Multiusos Fontes do Sar y el C.D. Santa Isabel<\/strong> cuentan con m\u00e1s de 11.000 usuarios.<\/li>\n<li>Las instalaciones deportivas permanecen abiertas durante m\u00e1s de 100 horas a la semana.<\/li>\n<li>El n\u00famero de actividades dirigidas sobrepasa las 15.000 sesiones al a\u00f1o. El Multiusos Fontes do Sar y el C.D. Santa Isabel son los centros con<strong> mayor oferta de actividades de toda Galicia<\/strong>.<\/li>\n<li>Los cursos de nataci\u00f3n que se programan a lo largo del a\u00f1o cuentan con m\u00e1s de 3.000 usos, y los cursos de p\u00e1del y tenis que se desarrollan en las pistas de Sar suman casi 1.000 usos.<\/li>\n<li>Las piscinas de verano registran m\u00e1s de 20.000 usos en la \u00e9poca estival.<\/li>\n<li>Somos un centro de <strong>referencia en Galicia<\/strong> en formaci\u00f3n de profesionales del mundo del fitness. Acogemos de forma regular cursos de formaci\u00f3n y reciclaje de Zumba Fitness y actividades Les Mills.<\/li>\n<li>Nuestras instalaciones son <strong>Zonas Cardioprotegidas<\/strong>, espacios que cuentan con equipos desfibriladores y personas adecuadamente formadas como para poder garantizar una actuaci\u00f3n r\u00e1pida y eficientemente contra los paros cardiacos repentinos hasta la llegada de los servicios de emergencia.<\/li>\n<li>El Multiusos Fontes do Sar y el C.D. Santa Isabel acogen los entrenamientos y competiciones de varios de los clubs federados de la ciudad de Santiago: el<em>\u00a0Monbus Obradoiro, el Arteal Tenis de Mesa, el Club de Nataci\u00f3n Ciudad de Santiago, el Club de Triatl\u00f3n Arcade Inforhouse, el Club de Triatl\u00f3n Dexter y el Club Waterpolo Santiago<\/em>.<\/li>\n<li>El Multiusos Fontes do Sar programa una media de 7-8 <strong>eventos musicales y culturales<\/strong>\u00a0al a\u00f1o. Mark Knopfler, Shakira, Alejandro Sanz, Michael Nyman, Van Morrison, Joaqu\u00edn Sabina, Calamaro, Fito &amp; Fitipaldis, Cirque du Soleil, \u00d3pera Carmina Burana, \u00d3pera A\u00edda\u2026 fueron alguno de los conciertos y espect\u00e1culos que se celebraron en el recinto.<\/li>\n<\/ul>\n","protected":false},"excerpt":{"rendered":"<p>Xesti\u00f3n de Actividades Deportivas e Espect\u00e1culos S.L.\u00a0gestiona desde el a\u00f1o 2001 las instalaciones deportivas del Multiusos Fontes do Sar y del Complejo Deportivo Santa Isabel. Trabajamos cada d\u00eda para ofrecer a los compostelanos una oferta deportiva y de ocio heterog\u00e9nea y de calidad, acorde siempre a las demandas de la sociedad. Nuestro principal objetivo es&#8230;<\/p>\n","protected":false},"author":1,"featured_media":0,"parent":9931,"menu_order":0,"comment_status":"closed","ping_status":"closed","template":"","meta":[],"aioseo_notices":[],"_links":{"self":[{"href":"https:\/\/www.multiusos.net\/es\/wp-json\/wp\/v2\/pages\/9941"}],"collection":[{"href":"https:\/\/www.multiusos.net\/es\/wp-json\/wp\/v2\/pages"}],"about":[{"href":"https:\/\/www.multiusos.net\/es\/wp-json\/wp\/v2\/types\/page"}],"author":[{"embeddable":true,"href":"https:\/\/www.multiusos.net\/es\/wp-json\/wp\/v2\/users\/1"}],"replies":[{"embeddable":true,"href":"https:\/\/www.multiusos.net\/es\/wp-json\/wp\/v2\/comments?post=9941"}],"version-history":[{"count":6,"href":"https:\/\/www.multiusos.net\/es\/wp-json\/wp\/v2\/pages\/9941\/revisions"}],"predecessor-version":[{"id":45866,"href":"https:\/\/www.multiusos.net\/es\/wp-json\/wp\/v2\/pages\/9941\/revisions\/45866"}],"up":[{"embeddable":true,"href":"https:\/\/www.multiusos.net\/es\/wp-json\/wp\/v2\/pages\/9931"}],"wp:attachment":[{"href":"https:\/\/www.multiusos.net\/es\/wp-json\/wp\/v2\/media?parent=9941"}],"curies":[{"name":"wp","href":"https:\/\/api.w.org\/{rel}","templated":true}]}}