{"id":9943,"date":"2014-03-26T10:37:57","date_gmt":"2014-03-26T09:37:57","guid":{"rendered":"http:\/\/www.multiusos.net\/?page_id=9943"},"modified":"2014-03-26T14:18:28","modified_gmt":"2014-03-26T13:18:28","slug":"trabaja-con-nosotros","status":"publish","type":"page","link":"https:\/\/www.multiusos.net\/es\/instalaciones\/trabaja-con-nosotros\/","title":{"rendered":"Trabaja con nosotros"},"content":{"rendered":"<p>A trav\u00e9s de esta secci\u00f3n podr\u00e1s enviar tu curriculum a nuestras oficinas. Si prefieres enviarnos el C.V. en formato digital con foto adjunta hazlo al siguiente e-mail: <strong>multiusos@multiusos.net<\/strong><\/p>\n<div role=\"form\" class=\"wpcf7\" id=\"wpcf7-f10325-o1\" lang=\"es-ES\" dir=\"ltr\">\n<div class=\"screen-reader-response\"><p role=\"status\" aria-live=\"polite\" aria-atomic=\"true\"><\/p> <ul><\/ul><\/div>\n<form action=\"\/es\/wp-json\/wp\/v2\/pages\/9943#wpcf7-f10325-o1\" method=\"post\" class=\"wpcf7-form init\" novalidate=\"novalidate\" data-status=\"init\">\n<div style=\"display: none;\">\n<input type=\"hidden\" name=\"_wpcf7\" value=\"10325\" \/>\n<input type=\"hidden\" name=\"_wpcf7_version\" value=\"5.4.2\" \/>\n<input type=\"hidden\" name=\"_wpcf7_locale\" value=\"es_ES\" \/>\n<input type=\"hidden\" name=\"_wpcf7_unit_tag\" value=\"wpcf7-f10325-o1\" \/>\n<input type=\"hidden\" name=\"_wpcf7_container_post\" value=\"0\" \/>\n<input type=\"hidden\" name=\"_wpcf7_posted_data_hash\" value=\"\" \/>\n<\/div>\n<div class=\"row\">\n<div class=\"row-half\">\n<p>Tu nombre*<br \/>\n    <span class=\"wpcf7-form-control-wrap your-name\"><input type=\"text\" name=\"your-name\" value=\"\" size=\"40\" class=\"wpcf7-form-control wpcf7-text wpcf7-validates-as-required\" aria-required=\"true\" aria-invalid=\"false\" \/><\/span>   <span id=\"wpcf7-69feba112a131-wrapper\" class=\"wpcf7-form-control-wrap website-wrap\" ><label for=\"website\" class=\"hp-message\">Por favor, deja este campo vac\u00edo.<\/label><input id=\"website\"  class=\"wpcf7-form-control wpcf7-text\" type=\"text\" name=\"website\" value=\"\" size=\"40\" tabindex=\"-1\" autocomplete=\"new-password\" \/><\/span><\/p>\n<\/div>\n<div class=\"row-half right\">\n<p>Tu email*<br \/>\n    <span class=\"wpcf7-form-control-wrap your-email\"><input type=\"text\" name=\"your-email\" value=\"\" size=\"40\" class=\"wpcf7-form-control wpcf7-text wpcf7-validates-as-required\" aria-required=\"true\" aria-invalid=\"false\" \/><\/span>  <span id=\"wpcf7-69feba112a173-wrapper\" class=\"wpcf7-form-control-wrap phone-wrap\" ><label for=\"phone\" class=\"hp-message\">Por favor, deja este campo vac\u00edo.<\/label><input id=\"phone\"  class=\"wpcf7-form-control wpcf7-text\" type=\"text\" name=\"phone\" value=\"\" size=\"40\" tabindex=\"-1\" autocomplete=\"new-password\" \/><\/span><\/p>\n<\/div>\n<\/div>\n<div class=\"row\">\n<div class=\"row-half\">\n<p>Titulaci\u00f3n*<br \/>\n    <span class=\"wpcf7-form-control-wrap titulacion\"><input type=\"text\" name=\"titulacion\" value=\"\" size=\"40\" class=\"wpcf7-form-control wpcf7-text wpcf7-validates-as-required\" aria-required=\"true\" aria-invalid=\"false\" \/><\/span> <\/p>\n<\/div>\n<div class=\"row-half right\">\n<p>DNI*<br \/>\n    <span class=\"wpcf7-form-control-wrap dni\"><input type=\"text\" name=\"dni\" value=\"\" size=\"40\" class=\"wpcf7-form-control wpcf7-text wpcf7-validates-as-required\" aria-required=\"true\" aria-invalid=\"false\" \/><\/span> <\/p>\n<\/div>\n<\/div>\n<div class=\"row\">\n<div class=\"row-half\">\n<p>Direcci\u00f3n<br \/>\n    <span class=\"wpcf7-form-control-wrap enderezo\"><input type=\"text\" name=\"enderezo\" value=\"\" size=\"40\" class=\"wpcf7-form-control wpcf7-text\" aria-invalid=\"false\" \/><\/span> <\/p>\n<\/div>\n<div class=\"row-half right\">\n<p>Localidad<br \/>\n    <span class=\"wpcf7-form-control-wrap localidade\"><input type=\"text\" name=\"localidade\" value=\"\" size=\"40\" class=\"wpcf7-form-control wpcf7-text\" aria-invalid=\"false\" \/><\/span> <\/p>\n<\/div>\n<\/div>\n<div class=\"row\">\n<div class=\"row-half\">\n<p>Provincia<br \/>\n    <span class=\"wpcf7-form-control-wrap provincia\"><input type=\"text\" name=\"provincia\" value=\"\" size=\"40\" class=\"wpcf7-form-control wpcf7-text\" aria-invalid=\"false\" \/><\/span> <\/p>\n<\/div>\n<div class=\"row-half right\">\n<p>C\u00f3digo postal<br \/>\n    <span class=\"wpcf7-form-control-wrap codigo-postal\"><input type=\"text\" name=\"codigo-postal\" value=\"\" size=\"40\" class=\"wpcf7-form-control wpcf7-text\" aria-invalid=\"false\" \/><\/span> <\/p>\n<\/div>\n<\/div>\n<div class=\"row\">\n<p>Tu mensaje<br \/>\n    <span class=\"wpcf7-form-control-wrap your-message\"><textarea name=\"your-message\" cols=\"40\" rows=\"10\" class=\"wpcf7-form-control wpcf7-textarea\" aria-invalid=\"false\"><\/textarea><\/span> <\/p>\n<\/div>\n<div class=\"row\">\n<p><input type=\"hidden\" name=\"_wpcf7_captcha_challenge_captcha-12\" value=\"541469882\" \/><img class=\"wpcf7-form-control wpcf7-captchac wpcf7-captcha-captcha-12\" width=\"84\" height=\"28\" alt=\"captcha\" src=\"https:\/\/www.multiusos.net\/wp-content\/uploads\/wpcf7_captcha\/541469882.png\" \/><\/p>\n<p>Introduce los caracteres de la imagen anterior *<br \/>\n   <span class=\"wpcf7-form-control-wrap captcha-12\"><input type=\"text\" name=\"captcha-12\" value=\"\" size=\"40\" class=\"wpcf7-form-control wpcf7-captchar\" autocomplete=\"off\" aria-invalid=\"false\" \/><\/span><\/p>\n<\/div>\n<p><span class=\"reg\">Xesti\u00f3n de Actividades e Espect\u00e1culos, S.L. utilizar\u00e1 estos datos para la puesta en contacto o eventual respuesta a las cuestiones planteadas o a la informaci\u00f3n\u00a0solicitada, siendo la base de legitimaci\u00f3n el consentimiento del usuario, el cual podr\u00e1 ser revocado en cualquier momento. Podr\u00e1n ejercerse los derechos reconocidos por ley de acuerdo a la informaci\u00f3n facilitada en nuestra <a href=\"http:\/\/www.multiusos.net\/es\/politica-de-privacidad\" class=\"aviso\" rel=\"nofollow\">Pol\u00edtica de privacidad<\/a><\/span><br><\/p>\n<p><span class=\"wpcf7-form-control-wrap checkbox-461\"><span class=\"wpcf7-form-control wpcf7-checkbox\"><span class=\"wpcf7-list-item first\"><input type=\"checkbox\" name=\"checkbox-461[]\" value=\"Acepto la remisi\u00f3n de comunicaciones sobre actividades de XADE\" \/><span class=\"wpcf7-list-item-label\">Acepto la remisi\u00f3n de comunicaciones sobre actividades de XADE<\/span><\/span><span class=\"wpcf7-list-item last\"><input type=\"checkbox\" name=\"checkbox-461[]\" value=\"Acepto recibir el Newsletter en la direcci\u00f3n de correo electr\u00f3nico de contacto\" \/><span class=\"wpcf7-list-item-label\">Acepto recibir el Newsletter en la direcci\u00f3n de correo electr\u00f3nico de contacto<\/span><\/span><\/span><\/span><\/p>\n<div class=\"row\">\n<p><input type=\"submit\" value=\"Enviar\" class=\"wpcf7-form-control wpcf7-submit\" \/><\/p>\n<\/div>\n<div class=\"wpcf7-response-output\" aria-hidden=\"true\"><\/div><\/form><\/div>\n","protected":false},"excerpt":{"rendered":"<p>A trav\u00e9s de esta secci\u00f3n podr\u00e1s enviar tu curriculum a nuestras oficinas. Si prefieres enviarnos el C.V. en formato digital con foto adjunta hazlo al siguiente e-mail: multiusos@multiusos.net<\/p>\n","protected":false},"author":1,"featured_media":0,"parent":9931,"menu_order":0,"comment_status":"closed","ping_status":"closed","template":"page-ofertas-empleo.php","meta":[],"aioseo_notices":[],"_links":{"self":[{"href":"https:\/\/www.multiusos.net\/es\/wp-json\/wp\/v2\/pages\/9943"}],"collection":[{"href":"https:\/\/www.multiusos.net\/es\/wp-json\/wp\/v2\/pages"}],"about":[{"href":"https:\/\/www.multiusos.net\/es\/wp-json\/wp\/v2\/types\/page"}],"author":[{"embeddable":true,"href":"https:\/\/www.multiusos.net\/es\/wp-json\/wp\/v2\/users\/1"}],"replies":[{"embeddable":true,"href":"https:\/\/www.multiusos.net\/es\/wp-json\/wp\/v2\/comments?post=9943"}],"version-history":[{"count":2,"href":"https:\/\/www.multiusos.net\/es\/wp-json\/wp\/v2\/pages\/9943\/revisions"}],"predecessor-version":[{"id":10326,"href":"https:\/\/www.multiusos.net\/es\/wp-json\/wp\/v2\/pages\/9943\/revisions\/10326"}],"up":[{"embeddable":true,"href":"https:\/\/www.multiusos.net\/es\/wp-json\/wp\/v2\/pages\/9931"}],"wp:attachment":[{"href":"https:\/\/www.multiusos.net\/es\/wp-json\/wp\/v2\/media?parent=9943"}],"curies":[{"name":"wp","href":"https:\/\/api.w.org\/{rel}","templated":true}]}}